{"id":876,"date":"2025-05-13T16:32:29","date_gmt":"2025-05-13T14:32:29","guid":{"rendered":"https:\/\/assolaima.fr\/?page_id=876"},"modified":"2026-01-06T17:41:24","modified_gmt":"2026-01-06T16:41:24","slug":"espace-prendre-soin-malansac","status":"publish","type":"page","link":"https:\/\/assolaima.fr\/index.php\/espace-prendre-soin-malansac\/","title":{"rendered":"ESPACE PRENDRE SOIN &#8211; Malansac"},"content":{"rendered":"\n<div class=\"wp-block-columns\">\n<div class=\"wp-block-column is-vertically-aligned-bottom\" style=\"flex-basis:100%\">\n<div class=\"wp-block-group\"><div class=\"wp-block-group__inner-container\">\n<div class=\"wp-block-columns\">\n<div class=\"wp-block-column\" style=\"flex-basis:100%\">\n<div class=\"wp-block-group\"><div class=\"wp-block-group__inner-container\">\n<div class=\"wp-block-columns\">\n<div class=\"wp-block-column\" style=\"flex-basis:100%\">\n<div class=\"wp-block-media-text alignwide is-stacked-on-mobile\"><figure class=\"wp-block-media-text__media\"><img loading=\"lazy\" width=\"580\" height=\"942\" src=\"http:\/\/assolaima.fr\/wp-content\/uploads\/2025\/05\/2025.05.EPS-adresse.jpg\" alt=\"Espace Prendre Soin\" class=\"wp-image-879 size-full\" srcset=\"https:\/\/assolaima.fr\/wp-content\/uploads\/2025\/05\/2025.05.EPS-adresse.jpg 580w, https:\/\/assolaima.fr\/wp-content\/uploads\/2025\/05\/2025.05.EPS-adresse-185x300.jpg 185w\" sizes=\"(max-width: 580px) 100vw, 580px\" \/><\/figure><div class=\"wp-block-media-text__content\">\n<h2 class=\"has-text-align-center\">Un local pour des praticien\u00b7nes-th\u00e9rapeutes<\/h2>\n\n\n\n<h2 class=\"has-text-align-center\">Un lieu d\u00e9di\u00e9 au mieux-\u00eatre corporel et\u00e9motionnel<\/h2>\n\n\n\n<h2 class=\"has-text-align-center\">Un espace d&rsquo;ateliers<\/h2>\n<\/div><\/div>\n<\/div>\n<\/div>\n<\/div><\/div>\n<\/div>\n<\/div>\n<\/div><\/div>\n<\/div>\n<\/div>\n\n\n\n<div class=\"wp-block-image is-style-rounded\"><figure class=\"aligncenter size-large is-resized\"><img loading=\"lazy\" src=\"https:\/\/assolaima.fr\/wp-content\/uploads\/2025\/05\/2025.05.EPSintention-482x1024.jpg\" alt=\"\" class=\"wp-image-881\" width=\"349\" height=\"742\" srcset=\"https:\/\/assolaima.fr\/wp-content\/uploads\/2025\/05\/2025.05.EPSintention-482x1024.jpg 482w, https:\/\/assolaima.fr\/wp-content\/uploads\/2025\/05\/2025.05.EPSintention-141x300.jpg 141w, https:\/\/assolaima.fr\/wp-content\/uploads\/2025\/05\/2025.05.EPSintention.jpg 583w\" sizes=\"(max-width: 349px) 100vw, 349px\" \/><\/figure><\/div>\n\n\n\n<h3>Praticien\u00b7nes &#8211; Th\u00e9rapeutes et leurs pratiques : <\/h3>\n\n\n\n<div class=\"wp-block-image is-style-rounded\"><figure class=\"aligncenter size-large is-resized\"><img loading=\"lazy\" src=\"http:\/\/assolaima.fr\/wp-content\/uploads\/2021\/12\/IMG_20211207_151833-1-755x1024.jpg\" alt=\"\" class=\"wp-image-577\" width=\"159\" height=\"215\" srcset=\"https:\/\/assolaima.fr\/wp-content\/uploads\/2021\/12\/IMG_20211207_151833-1-755x1024.jpg 755w, https:\/\/assolaima.fr\/wp-content\/uploads\/2021\/12\/IMG_20211207_151833-1-221x300.jpg 221w, https:\/\/assolaima.fr\/wp-content\/uploads\/2021\/12\/IMG_20211207_151833-1-768x1041.jpg 768w, https:\/\/assolaima.fr\/wp-content\/uploads\/2021\/12\/IMG_20211207_151833-1-1133x1536.jpg 1133w, https:\/\/assolaima.fr\/wp-content\/uploads\/2021\/12\/IMG_20211207_151833-1-1511x2048.jpg 1511w, https:\/\/assolaima.fr\/wp-content\/uploads\/2021\/12\/IMG_20211207_151833-1-scaled.jpg 1889w\" sizes=\"(max-width: 159px) 100vw, 159px\" \/><\/figure><\/div>\n\n\n\n<h4 class=\"has-text-align-center\"><a href=\"https:\/\/assolaima.fr\/index.php\/seances-individuelles-accompagnement\/\" target=\"_blank\" rel=\"noreferrer noopener\">Lili Courbon<\/a><\/h4>\n\n\n\n<p class=\"has-text-align-center\">Sophrologue<br>Psychopraticienne en <a rel=\"noreferrer noopener\" href=\"https:\/\/www.apf-somatic-experiencing.com\/somatic-experiencing\/\" target=\"_blank\">Somatic Experiencing\u00ae<\/a> : <br>R\u00e9solution des traumas &#8211; R\u00e9gulation du syst\u00e8me nerveux (en cours de formation)<br>\u00c9ducatrice Sp\u00e9cialis\u00e9e et Somatique (BMC)<\/p>\n\n\n\n<p>06.49.74.78.53<br>lilicourbon.laima@gmail.com<\/p>\n\n\n\n<p><\/p>\n\n\n\n<div class=\"wp-block-image is-style-rounded\"><figure class=\"aligncenter size-large is-resized\"><img loading=\"lazy\" src=\"http:\/\/assolaima.fr\/wp-content\/uploads\/2025\/05\/IMG_20211207_152125-763x1024.jpg\" alt=\"Emmanuelle Ourtiga\" class=\"wp-image-883\" width=\"160\" height=\"214\" srcset=\"https:\/\/assolaima.fr\/wp-content\/uploads\/2025\/05\/IMG_20211207_152125-763x1024.jpg 763w, https:\/\/assolaima.fr\/wp-content\/uploads\/2025\/05\/IMG_20211207_152125-223x300.jpg 223w, https:\/\/assolaima.fr\/wp-content\/uploads\/2025\/05\/IMG_20211207_152125-768x1031.jpg 768w, https:\/\/assolaima.fr\/wp-content\/uploads\/2025\/05\/IMG_20211207_152125-1144x1536.jpg 1144w, https:\/\/assolaima.fr\/wp-content\/uploads\/2025\/05\/IMG_20211207_152125-1526x2048.jpg 1526w, https:\/\/assolaima.fr\/wp-content\/uploads\/2025\/05\/IMG_20211207_152125.jpg 1688w\" sizes=\"(max-width: 160px) 100vw, 160px\" \/><\/figure><\/div>\n\n\n\n<h4 class=\"has-text-align-center\">Emmanuelle Ourtiga<\/h4>\n\n\n\n<p class=\"has-text-align-center\">Th\u00e9rapeute psychocorporelle<br>Psychopraticienne en Ma\u00efeusth\u00e9sie<br>Enseignante de Yoga et Danse th\u00e9rapie<\/p>\n\n\n\n<p>06.89.45.08.73<br>souffleetseme@gmail.com<\/p>\n\n\n\n<p><\/p>\n\n\n\n<div class=\"wp-block-image is-style-rounded\"><figure class=\"aligncenter size-full is-resized\"><img loading=\"lazy\" src=\"http:\/\/assolaima.fr\/wp-content\/uploads\/2025\/05\/Celine-N-B.png\" alt=\"Celine Poulain\" class=\"wp-image-884\" width=\"211\" height=\"198\" srcset=\"https:\/\/assolaima.fr\/wp-content\/uploads\/2025\/05\/Celine-N-B.png 361w, https:\/\/assolaima.fr\/wp-content\/uploads\/2025\/05\/Celine-N-B-300x281.png 300w\" sizes=\"(max-width: 211px) 100vw, 211px\" \/><\/figure><\/div>\n\n\n\n<h4 class=\"has-text-align-center\">C\u00e9line Poulain<\/h4>\n\n\n\n<p class=\"has-text-align-center\">R\u00e9\u00e9ducation de l&rsquo;\u00e9criture<br>R\u00e9flexes Archa\u00efques<br>Accompagnement th\u00e9rapeutique : Ma\u00efeusth\u00e9sie<br>Accompagnement \u00e0 la parentalit\u00e9<\/p>\n\n\n\n<p>06.17.98.71.07<br>celinepoulain@yahoo.fr<\/p>\n\n\n\n<p><\/p>\n\n\n\n<div class=\"wp-block-image is-style-rounded\"><figure class=\"aligncenter size-large is-resized\"><img loading=\"lazy\" src=\"https:\/\/assolaima.fr\/wp-content\/uploads\/2025\/05\/20240906_134823-723x1024.jpg\" alt=\"\" class=\"wp-image-885\" width=\"184\" height=\"259\"\/><\/figure><\/div>\n\n\n\n<h4 class=\"has-text-align-center\">Virginie Boileau<\/h4>\n\n\n\n<p class=\"has-text-align-center\">Naturopathe<br>Massoth\u00e9rapeute selon l&rsquo;Ayurv\u00e9da &#8211; m\u00e9decine traditionnelle indienne<\/p>\n\n\n\n<p>06.80.18.72.10<br>virginielucelea@gmail.com<\/p>\n\n\n\n<p><\/p>\n\n\n\n<p><\/p>\n","protected":false},"excerpt":{"rendered":"<p>Un local pour des praticien\u00b7nes-th\u00e9rapeutes Un lieu d\u00e9di\u00e9 au mieux-\u00eatre corporel et\u00e9motionnel Un espace d&rsquo;ateliers Praticien\u00b7nes &#8211; Th\u00e9rapeutes et leurs pratiques : Lili Courbon SophrologuePsychopraticienne en Somatic Experiencing\u00ae : R\u00e9solution des traumas &#8211; R\u00e9gulation du syst\u00e8me nerveux (en cours de formation)\u00c9ducatrice Sp\u00e9cialis\u00e9e et Somatique (BMC) 06.49.74.78.53lilicourbon.laima@gmail.com Emmanuelle Ourtiga Th\u00e9rapeute psychocorporellePsychopraticienne en Ma\u00efeusth\u00e9sieEnseignante de Yoga et &hellip; <\/p>\n<p class=\"link-more\"><a href=\"https:\/\/assolaima.fr\/index.php\/espace-prendre-soin-malansac\/\" class=\"more-link\">Continuer la lecture<span class=\"screen-reader-text\"> de &laquo;&nbsp;ESPACE PRENDRE SOIN &#8211; Malansac&nbsp;&raquo;<\/span><\/a><\/p>\n","protected":false},"author":1,"featured_media":0,"parent":0,"menu_order":0,"comment_status":"closed","ping_status":"closed","template":"","meta":[],"_links":{"self":[{"href":"https:\/\/assolaima.fr\/index.php\/wp-json\/wp\/v2\/pages\/876"}],"collection":[{"href":"https:\/\/assolaima.fr\/index.php\/wp-json\/wp\/v2\/pages"}],"about":[{"href":"https:\/\/assolaima.fr\/index.php\/wp-json\/wp\/v2\/types\/page"}],"author":[{"embeddable":true,"href":"https:\/\/assolaima.fr\/index.php\/wp-json\/wp\/v2\/users\/1"}],"replies":[{"embeddable":true,"href":"https:\/\/assolaima.fr\/index.php\/wp-json\/wp\/v2\/comments?post=876"}],"version-history":[{"count":9,"href":"https:\/\/assolaima.fr\/index.php\/wp-json\/wp\/v2\/pages\/876\/revisions"}],"predecessor-version":[{"id":922,"href":"https:\/\/assolaima.fr\/index.php\/wp-json\/wp\/v2\/pages\/876\/revisions\/922"}],"wp:attachment":[{"href":"https:\/\/assolaima.fr\/index.php\/wp-json\/wp\/v2\/media?parent=876"}],"curies":[{"name":"wp","href":"https:\/\/api.w.org\/{rel}","templated":true}]}}