{"id":751,"date":"2023-01-19T14:43:44","date_gmt":"2023-01-19T13:43:44","guid":{"rendered":"https:\/\/assolaima.fr\/?page_id=751"},"modified":"2023-01-19T14:55:54","modified_gmt":"2023-01-19T13:55:54","slug":"nourrir-la-confiance-en-soi-chantier-insertion-envol-56-malansac","status":"publish","type":"page","link":"https:\/\/assolaima.fr\/index.php\/nourrir-la-confiance-en-soi-chantier-insertion-envol-56-malansac\/","title":{"rendered":"\u00ab\u00a0Nourrir la Confiance en soi\u00a0\u00bb &#8211; Chantier Insertion &#8211; Envol 56 &#8211; Malansac"},"content":{"rendered":"\n<p>Cycle de 4 ateliers de 2 heures pour aborder la CONFIANCE en SOI dans un parcours de \u00ab\u00a0r\u00e9insertion socio-professionnelle\u00a0\u00bb.<\/p>\n\n\n\n<p>\u00c0 travers ces ateliers sur&nbsp;: <strong>\u00ab\u00a0Nourrir la Confiance en soi\u00a0\u00bb<\/strong> il s\u2019agit de proposer, sur des demi-journ\u00e9es pendant plus d\u2019un mois, un espace pour soi, un espace d\u2019\u00e9change, de ressourcement et d\u2019exp\u00e9rimentation.<\/p>\n\n\n\n<p>Observer ce qui rel\u00e8ve de \u00ab&nbsp;notre manque de confiance&nbsp;\u00bb <\/p>\n\n\n\n<p>S\u2019autoriser un temps pour <strong>voyager \u00e0 l\u2019int\u00e9rieur de soi<\/strong>,<strong> un espace de d\u00e9tente<\/strong>, <strong>de ressource<\/strong>, \u00e0 aller d\u00e9couvrir, une Relation \u00e0 soi \u00e0 \u00e9tablir avec douceur et en explorant nos diff\u00e9rentes formes de pens\u00e9es, le lien avec le corps et les \u00e9motions.Comprendre les \u00e9motions, trouver les outils pour les r\u00e9guler et gagner en autonomie. <\/p>\n\n\n\n<p>Ces ateliers sont \u00e0 la fois un<strong> espace de respiration individuel<\/strong>, de partage et d&rsquo;<strong>intelligence collective<\/strong>.<\/p>\n\n\n\n<p><strong>Apprendre \u00e0 avoir une meilleure perception de soi-m\u00eame, r\u00e9tablir confiance en soi, mettre \u00e0 jour les comp\u00e9tences et capacit\u00e9s de chacun.e en lien avec les autres et avoir l\u2019\u00e9nergie d\u2019agir, de reprendre sa place.<\/strong><\/p>\n\n\n\n<div class=\"wp-block-image\"><figure class=\"aligncenter size-full\"><img loading=\"lazy\" width=\"284\" height=\"177\" src=\"https:\/\/assolaima.fr\/wp-content\/uploads\/2023\/01\/groupe-parole-assis.jpeg\" alt=\"\" class=\"wp-image-752\"\/><\/figure><\/div>\n\n\n\n<p><strong>La Relation \u00e0 soi<\/strong>, pour :<\/p>\n\n\n\n<p>&#8211; avoir un regard bienveillant sur soi,<\/p>\n\n\n\n<p>&#8211; susciter la confiance en soi,<\/p>\n\n\n\n<p>&#8211; cr\u00e9er une s\u00e9curit\u00e9 int\u00e9rieure,<\/p>\n\n\n\n<p>&#8211; rechercher l\u2019harmonie et l\u2019\u00e9quilibre dans le quotidien,<\/p>\n\n\n\n<p>&#8211; mettre en lumi\u00e8re ces exp\u00e9riences, ces comp\u00e9tences et ces capacit\u00e9s<\/p>\n\n\n\n<p>Par&nbsp;:<\/p>\n\n\n\n<p>La <strong>sophrologie<\/strong> est une technique psycho-corporelle d\u2019harmonisation du corps et de l\u2019esprit. Elle vise \u00e0 favoriser l\u2019\u00e9mergence de vos capacit\u00e9s gr\u00e2ce \u00e0 la pratique d\u2019exercices de respiration, \u00e0 la d\u00e9contraction musculaire et \u00e0 la visualisation.<\/p>\n\n\n\n<p>La <strong>communication bienveillante<\/strong> pour \u00eatre pleinement conscient.e et amener de la clart\u00e9 de vos perceptions, accueillir les \u00e9motions, nous relier \u00e0 nos \u00e9lans de vie \u2026<\/p>\n\n\n\n<p>La <strong>m\u00e9ditation <\/strong><strong>et la pleine conscience<\/strong> pour cr\u00e9er de l\u2019espace, exp\u00e9rimenter un nouveau regard, de nouvelles pratiques dans votre quotidien.<\/p>\n\n\n\n<p>Ateliers compos\u00e9s de temps d\u2019\u00e9changes, de m\u00e9ditation, de relaxation, d&rsquo;exercices corporels, de visualisation<\/p>\n\n\n\n<p>et ce dans un espace conviviale, de d\u00e9tente et de simplicit\u00e9.<br><\/p>\n\n\n\n<div class=\"wp-block-image\"><figure class=\"aligncenter size-full\"><img loading=\"lazy\" width=\"200\" height=\"200\" src=\"http:\/\/assolaima.fr\/wp-content\/uploads\/2023\/01\/274684519_101609305803371_4350271240986107120_n.jpg\" alt=\"\" class=\"wp-image-762\" srcset=\"https:\/\/assolaima.fr\/wp-content\/uploads\/2023\/01\/274684519_101609305803371_4350271240986107120_n.jpg 200w, https:\/\/assolaima.fr\/wp-content\/uploads\/2023\/01\/274684519_101609305803371_4350271240986107120_n-150x150.jpg 150w, https:\/\/assolaima.fr\/wp-content\/uploads\/2023\/01\/274684519_101609305803371_4350271240986107120_n-100x100.jpg 100w\" sizes=\"(max-width: 200px) 100vw, 200px\" \/><\/figure><\/div>\n","protected":false},"excerpt":{"rendered":"<p>Cycle de 4 ateliers de 2 heures pour aborder la CONFIANCE en SOI dans un parcours de \u00ab\u00a0r\u00e9insertion socio-professionnelle\u00a0\u00bb. \u00c0 travers ces ateliers sur&nbsp;: \u00ab\u00a0Nourrir la Confiance en soi\u00a0\u00bb il s\u2019agit de proposer, sur des demi-journ\u00e9es pendant plus d\u2019un mois, un espace pour soi, un espace d\u2019\u00e9change, de ressourcement et d\u2019exp\u00e9rimentation. Observer ce qui rel\u00e8ve &hellip; <\/p>\n<p class=\"link-more\"><a href=\"https:\/\/assolaima.fr\/index.php\/nourrir-la-confiance-en-soi-chantier-insertion-envol-56-malansac\/\" class=\"more-link\">Continuer la lecture<span class=\"screen-reader-text\"> de &laquo;&nbsp;\u00ab\u00a0Nourrir la Confiance en soi\u00a0\u00bb &#8211; Chantier Insertion &#8211; Envol 56 &#8211; Malansac&nbsp;&raquo;<\/span><\/a><\/p>\n","protected":false},"author":1,"featured_media":0,"parent":0,"menu_order":0,"comment_status":"closed","ping_status":"closed","template":"","meta":[],"_links":{"self":[{"href":"https:\/\/assolaima.fr\/index.php\/wp-json\/wp\/v2\/pages\/751"}],"collection":[{"href":"https:\/\/assolaima.fr\/index.php\/wp-json\/wp\/v2\/pages"}],"about":[{"href":"https:\/\/assolaima.fr\/index.php\/wp-json\/wp\/v2\/types\/page"}],"author":[{"embeddable":true,"href":"https:\/\/assolaima.fr\/index.php\/wp-json\/wp\/v2\/users\/1"}],"replies":[{"embeddable":true,"href":"https:\/\/assolaima.fr\/index.php\/wp-json\/wp\/v2\/comments?post=751"}],"version-history":[{"count":3,"href":"https:\/\/assolaima.fr\/index.php\/wp-json\/wp\/v2\/pages\/751\/revisions"}],"predecessor-version":[{"id":764,"href":"https:\/\/assolaima.fr\/index.php\/wp-json\/wp\/v2\/pages\/751\/revisions\/764"}],"wp:attachment":[{"href":"https:\/\/assolaima.fr\/index.php\/wp-json\/wp\/v2\/media?parent=751"}],"curies":[{"name":"wp","href":"https:\/\/api.w.org\/{rel}","templated":true}]}}