{"id":740,"date":"2023-01-19T13:39:32","date_gmt":"2023-01-19T12:39:32","guid":{"rendered":"https:\/\/assolaima.fr\/?page_id=740"},"modified":"2023-01-19T13:44:54","modified_gmt":"2023-01-19T12:44:54","slug":"savoir-etre-et-savoir-faire-dans-nos-organisations-collectives","status":"publish","type":"page","link":"https:\/\/assolaima.fr\/index.php\/savoir-etre-et-savoir-faire-dans-nos-organisations-collectives\/","title":{"rendered":"\u00ab\u00a0Savoir-\u00eatre et savoir-faire dans nos organisations collectives\u00a0\u00bb"},"content":{"rendered":"\n<p><strong>Pour&nbsp;:<\/strong><\/p>\n\n\n\n<p>VIVRE, D\u00c9CIDER ET FAIRE ENSEMBLE<\/p>\n\n\n\n<p><strong>Comment agir et trouver sa place au sein de nos collectifs&nbsp;?<\/strong><\/p>\n\n\n\n<p><strong>Intention&nbsp;:<\/strong> Initier et\/ou renforcer des volont\u00e9s d\u2019aller vers plus de coop\u00e9ration, d\u2019autogestion, de gouvernance partag\u00e9e dans nos espaces de vie et d\u2019activit\u00e9s pour une organisation collective, d\u00e9mocratique et vivante, avec une approche sensitive (corps &#8211; \u00e9motions) et r\u00e9flexive.<\/p>\n\n\n\n<p><strong>Public vis\u00e9\u00a0:<\/strong> Personne travaillant ou s\u2019activant dans des projets \u00e0 dimension collective.<br>Personnes install\u00e9es en activit\u00e9s ou porteur.euse.s de projet, adh\u00e9rent.es d\u2019associations, de collectif, de groupements, de coop\u00e9ratives, \u2026<\/p>\n\n\n\n<p>En partenariat avec <strong><a href=\"https:\/\/www.association-la-marmite.fr\/\" target=\"_blank\" rel=\"noreferrer noopener\">La MARMITE<\/a><\/strong> <img loading=\"lazy\" width=\"371\" height=\"350\" class=\"wp-image-463\" style=\"width: 100px;\" src=\"http:\/\/assolaima.fr\/wp-content\/uploads\/2021\/11\/Marmite.logo_.jpg\" alt=\"\" srcset=\"https:\/\/assolaima.fr\/wp-content\/uploads\/2021\/11\/Marmite.logo_.jpg 371w, https:\/\/assolaima.fr\/wp-content\/uploads\/2021\/11\/Marmite.logo_-300x283.jpg 300w\" sizes=\"(max-width: 371px) 100vw, 371px\" \/><br>Association pour le soutien et l\u2019accompagnement de porteur\/ses de projets pour le d\u00e9veloppement d\u2019activit\u00e9s \u00e9conomiques innovantes en milieu rural, dans le respect de l\u2019environnement naturel et humain. Un r\u00e9seau d&rsquo;entraide en milieu rural !<br><br><\/p>\n\n\n\n<p><strong>Dur\u00e9e&nbsp;:<\/strong> 21 heures<\/p>\n\n\n\n<p><strong>Conditions pour suivre la formation&nbsp;:<\/strong><\/p>\n\n\n\n<p>Pour suivre la formation, il est demand\u00e9 de s\u2019engager sur l\u2019ensemble du cursus.<\/p>\n\n\n\n<p><strong>Objectif g\u00e9n\u00e9ral de l\u2019action de formation&nbsp;:<\/strong><\/p>\n\n\n\n<p>\u2022 Partager sur nos repr\u00e9sentations sur le faire et d\u00e9cider ensemble, la relation \u00e0 l\u2019autre, au collectif et le rapport au pouvoir.<br>\u2022 Aborder les m\u00e9canismes de dominations, d\u2019oppressions.<br>\u2022 \u00catre conscient.e de son positionnement personnel dans des groupes organiques.<br>\u2022 D\u00e9couvrir des outils pour d\u00e9cider et faire ensemble et aller vers une organisation collective, (v\u00e9ritablement) d\u00e9mocratique, vivante, incluante et respectueuse de chaque membre d\u2019un collectif.<br>\u2022 Appr\u00e9hender les freins et les leviers des dynamiques collectives.<\/p>\n\n\n\n<div class=\"wp-block-image\"><figure class=\"aligncenter size-full\"><img loading=\"lazy\" width=\"630\" height=\"420\" src=\"https:\/\/assolaima.fr\/wp-content\/uploads\/2023\/01\/creation-collectif-handicaps-porte-parole-edited.jpg\" alt=\"\" class=\"wp-image-743\" srcset=\"https:\/\/assolaima.fr\/wp-content\/uploads\/2023\/01\/creation-collectif-handicaps-porte-parole-edited.jpg 630w, https:\/\/assolaima.fr\/wp-content\/uploads\/2023\/01\/creation-collectif-handicaps-porte-parole-edited-300x200.jpg 300w\" sizes=\"(max-width: 630px) 100vw, 630px\" \/><\/figure><\/div>\n\n\n\n<p><strong>Crit\u00e8res et modalit\u00e9s d\u2019\u00e9valuation des r\u00e9sultats&nbsp;:<\/strong><\/p>\n\n\n\n<ul><li>Degr\u00e9s d\u2019approbation des outils propos\u00e9es<\/li><li>Investissement dans le cadre de mise en situation<\/li><li>Partage d\u2019exp\u00e9riences durant tout le processus<\/li><\/ul>\n\n\n\n<p>Fiche d\u2019\u00e9valuation<\/p>\n\n\n\n<p><strong>Encadrement p\u00e9dagogique&nbsp;:<\/strong><\/p>\n\n\n\n<p>Lili COURBON, animatrice \u00e0 La\u00efma,<br>intervenante en communication consciente, sophrologue.<br>Steeven GUIHO, animateur \u00e0 La Marmite<\/p>\n\n\n\n<p><strong>Organisation de la formation&nbsp;:<\/strong><\/p>\n\n\n\n<p>Ce cursus est organis\u00e9 sur 3 modules de 7 heures<br>Les locaux de la Marmite disposent d\u2019une cuisine (frigo + gazini\u00e8re) pour manger sur place.<\/p>\n\n\n\n<p><strong>Tarif de la formation&nbsp;:<\/strong><\/p>\n\n\n\n<p>Gratuit (sous r\u00e9serve de validation de fond de financement FDVA)<br>+ adh\u00e9sion obligatoire<\/p>\n\n\n\n<p><strong>LES DATES<\/strong>&nbsp;:<\/p>\n\n\n\n<ul><li>Lundi 23 janvier 2023 de 9h \u00e0 17h30<\/li><li>Mardi 24 janvier 2023 de 9h \u00e0 17h30<\/li><li>Lundi 6 f\u00e9vrier 2023 de 9h \u00e0 17h30<br><br>Se renouvelle r\u00e9guli\u00e8rement, n&rsquo;h\u00e9sitez pas \u00e0 nous contacter<\/li><\/ul>\n\n\n\n<p><strong>Inscription&nbsp;:<\/strong><\/p>\n\n\n\n<p>12 personnes maximum<\/p>\n\n\n\n<p><\/p>\n\n\n\n<p><\/p>\n","protected":false},"excerpt":{"rendered":"<p>Pour&nbsp;: VIVRE, D\u00c9CIDER ET FAIRE ENSEMBLE Comment agir et trouver sa place au sein de nos collectifs&nbsp;? Intention&nbsp;: Initier et\/ou renforcer des volont\u00e9s d\u2019aller vers plus de coop\u00e9ration, d\u2019autogestion, de gouvernance partag\u00e9e dans nos espaces de vie et d\u2019activit\u00e9s pour une organisation collective, d\u00e9mocratique et vivante, avec une approche sensitive (corps &#8211; \u00e9motions) et r\u00e9flexive. &hellip; <\/p>\n<p class=\"link-more\"><a href=\"https:\/\/assolaima.fr\/index.php\/savoir-etre-et-savoir-faire-dans-nos-organisations-collectives\/\" class=\"more-link\">Continuer la lecture<span class=\"screen-reader-text\"> de &laquo;&nbsp;\u00ab\u00a0Savoir-\u00eatre et savoir-faire dans nos organisations collectives\u00a0\u00bb&nbsp;&raquo;<\/span><\/a><\/p>\n","protected":false},"author":1,"featured_media":0,"parent":0,"menu_order":0,"comment_status":"closed","ping_status":"closed","template":"","meta":[],"_links":{"self":[{"href":"https:\/\/assolaima.fr\/index.php\/wp-json\/wp\/v2\/pages\/740"}],"collection":[{"href":"https:\/\/assolaima.fr\/index.php\/wp-json\/wp\/v2\/pages"}],"about":[{"href":"https:\/\/assolaima.fr\/index.php\/wp-json\/wp\/v2\/types\/page"}],"author":[{"embeddable":true,"href":"https:\/\/assolaima.fr\/index.php\/wp-json\/wp\/v2\/users\/1"}],"replies":[{"embeddable":true,"href":"https:\/\/assolaima.fr\/index.php\/wp-json\/wp\/v2\/comments?post=740"}],"version-history":[{"count":3,"href":"https:\/\/assolaima.fr\/index.php\/wp-json\/wp\/v2\/pages\/740\/revisions"}],"predecessor-version":[{"id":748,"href":"https:\/\/assolaima.fr\/index.php\/wp-json\/wp\/v2\/pages\/740\/revisions\/748"}],"wp:attachment":[{"href":"https:\/\/assolaima.fr\/index.php\/wp-json\/wp\/v2\/media?parent=740"}],"curies":[{"name":"wp","href":"https:\/\/api.w.org\/{rel}","templated":true}]}}