{"id":645,"date":"2022-04-11T17:35:25","date_gmt":"2022-04-11T15:35:25","guid":{"rendered":"https:\/\/assolaima.fr\/?page_id=645"},"modified":"2022-09-27T18:35:08","modified_gmt":"2022-09-27T16:35:08","slug":"famille-monoparentale","status":"publish","type":"page","link":"https:\/\/assolaima.fr\/index.php\/famille-monoparentale\/","title":{"rendered":"Famille Monoparentale"},"content":{"rendered":"\n<h2 class=\"has-text-align-center\"><strong>Du 8 octobre au 6 d\u00e9cembre 2022<br><span class=\"has-inline-color has-vivid-cyan-blue-color\">Ateliers GRATUIT et ouvert \u00e0 tou.te.s &#8211; Famille Monoparentale<\/span><br><br>\u00a0\u00bb On ne na\u00eet pas parent !\u00a0\u00bb  <br>\u00ab\u00a0Je ne suis et\/ou je me sens seul.e dans ma parentalit\u00e9\u00a0\u00bb <br><br>\u00ab\u00a0Se ressourcer pendant que les plus jeunes explorent de leurs c\u00f4t\u00e9s\u00a0\u00bb<br><br><span class=\"has-inline-color has-vivid-purple-color\">Ateliers \u00e0 destination des adultes et des enfants <br>PROGRAMME CI-DESSOUS<\/span><\/strong><\/h2>\n\n\n\n<p class=\"has-text-align-center\"><br><img loading=\"lazy\" width=\"1414\" height=\"2000\" class=\"wp-image-726\" style=\"width: 600px;\" src=\"http:\/\/assolaima.fr\/wp-content\/uploads\/2022\/09\/2-1.png\" alt=\"\" srcset=\"https:\/\/assolaima.fr\/wp-content\/uploads\/2022\/09\/2-1.png 1414w, https:\/\/assolaima.fr\/wp-content\/uploads\/2022\/09\/2-1-212x300.png 212w, https:\/\/assolaima.fr\/wp-content\/uploads\/2022\/09\/2-1-724x1024.png 724w, https:\/\/assolaima.fr\/wp-content\/uploads\/2022\/09\/2-1-768x1086.png 768w, https:\/\/assolaima.fr\/wp-content\/uploads\/2022\/09\/2-1-1086x1536.png 1086w\" sizes=\"(max-width: 767px) 89vw, (max-width: 1000px) 54vw, (max-width: 1071px) 543px, 580px\" \/><img loading=\"lazy\" width=\"1414\" height=\"2000\" class=\"wp-image-727\" style=\"width: 600px;\" src=\"http:\/\/assolaima.fr\/wp-content\/uploads\/2022\/09\/P-2.png\" alt=\"\" srcset=\"https:\/\/assolaima.fr\/wp-content\/uploads\/2022\/09\/P-2.png 1414w, https:\/\/assolaima.fr\/wp-content\/uploads\/2022\/09\/P-2-212x300.png 212w, https:\/\/assolaima.fr\/wp-content\/uploads\/2022\/09\/P-2-724x1024.png 724w, https:\/\/assolaima.fr\/wp-content\/uploads\/2022\/09\/P-2-768x1086.png 768w, https:\/\/assolaima.fr\/wp-content\/uploads\/2022\/09\/P-2-1086x1536.png 1086w\" sizes=\"(max-width: 767px) 89vw, (max-width: 1000px) 54vw, (max-width: 1071px) 543px, 580px\" \/><\/p>\n\n\n\n<h2 class=\"has-text-align-center\">RENTR\u00c9E SEPTEMBRE 2022<br>Ateliers GRATUIT et ouvert \u00e0 tou.te.s &#8211; Famille Monoparentale<br><br>\u00a0\u00bb On ne na\u00eet pas parent !\u00a0\u00bb  <br>\u00ab\u00a0Je ne suis et\/ou je me sens seul.e dans ma parentalit\u00e9\u00a0\u00bb <br><br>Ateliers \u00e0 destination des adultes et des enfants <br>PROGRAMME CI-DESSOUS<br><br><img loading=\"lazy\" width=\"1414\" height=\"2000\" class=\"wp-image-701\" style=\"width: 600px;\" src=\"http:\/\/assolaima.fr\/wp-content\/uploads\/2022\/07\/3.png\" alt=\"\" srcset=\"https:\/\/assolaima.fr\/wp-content\/uploads\/2022\/07\/3.png 1414w, https:\/\/assolaima.fr\/wp-content\/uploads\/2022\/07\/3-212x300.png 212w, https:\/\/assolaima.fr\/wp-content\/uploads\/2022\/07\/3-724x1024.png 724w, https:\/\/assolaima.fr\/wp-content\/uploads\/2022\/07\/3-768x1086.png 768w, https:\/\/assolaima.fr\/wp-content\/uploads\/2022\/07\/3-1086x1536.png 1086w\" sizes=\"(max-width: 767px) 89vw, (max-width: 1000px) 54vw, (max-width: 1071px) 543px, 580px\" \/><img loading=\"lazy\" width=\"1414\" height=\"2000\" class=\"wp-image-702\" style=\"width: 600px;\" src=\"http:\/\/assolaima.fr\/wp-content\/uploads\/2022\/07\/7.png\" alt=\"\" srcset=\"https:\/\/assolaima.fr\/wp-content\/uploads\/2022\/07\/7.png 1414w, https:\/\/assolaima.fr\/wp-content\/uploads\/2022\/07\/7-212x300.png 212w, https:\/\/assolaima.fr\/wp-content\/uploads\/2022\/07\/7-724x1024.png 724w, https:\/\/assolaima.fr\/wp-content\/uploads\/2022\/07\/7-768x1086.png 768w, https:\/\/assolaima.fr\/wp-content\/uploads\/2022\/07\/7-1086x1536.png 1086w\" sizes=\"(max-width: 767px) 89vw, (max-width: 1000px) 54vw, (max-width: 1071px) 543px, 580px\" \/><\/h2>\n\n\n\n<p>Ateliers GRATUIT \u2013 Famille Monoparentale<\/p>\n\n\n\n<p>Ateliers \u00e0 destination des adultes et des enfants. <strong>Mercredis 25 mai, 8 &amp; 22 juin 2022, de 10h \u00e0 12h<\/strong> dans les locaux des <strong>Parentillages \u00e0 Questembert<\/strong> (56230).<\/p>\n\n\n\n<p>UN TEMPS POUR SOI \u2013 pour les Adultes<\/p>\n\n\n\n<p>avec Lili Courbon, animatrice et sophrologue, \u00e9changer autour de la confiance en soi, de la relation \u00e0 soi et aux autres, respirer et se d\u00e9tendre pour r\u00e9guler ses \u00e9motions, trouver des ressources.<\/p>\n\n\n\n<p>JOUER POUR COOP\u00c9RER \u2013 pour les Enfants<\/p>\n\n\n\n<p>avec Fanny de GLAZIG, animatrice sportive, temps de jeux sportifs &#8211; une parenth\u00e8se ludique, pour s&rsquo;amuser et se d\u00e9fouler, accepter son corps, prendre conscience de ses capacit\u00e9s et booster la confiance en soi.<\/p>\n\n\n\n<p>Une <em><strong>soir\u00e9e de pr\u00e9sentation<\/strong><\/em> et de rencontres aura lieu le <strong>Mercredi 18 mai \u00e0 18h<\/strong> dans les locaux des <strong>Parentillages \u00e0 Questembert<\/strong> (56230) \u2013 face \u00e0 la clinique V\u00e9t\u00e9rinaire.<\/p>\n\n\n\n<p><strong>Infos et Inscriptions&nbsp;<\/strong>: Lili Courbon, animatrice &#8211; coordinatrice de La\u00efma \u2013 06.49.74.78.53 ou assolaima@gmail.com<\/p>\n\n\n\n<div class=\"wp-block-image\"><figure class=\"aligncenter size-large\"><img loading=\"lazy\" width=\"724\" height=\"1024\" src=\"http:\/\/assolaima.fr\/wp-content\/uploads\/2022\/04\/2022.05.Fly-Atelier-Famille-Mono.p1-724x1024.jpg\" alt=\"\" class=\"wp-image-646\" srcset=\"https:\/\/assolaima.fr\/wp-content\/uploads\/2022\/04\/2022.05.Fly-Atelier-Famille-Mono.p1-724x1024.jpg 724w, https:\/\/assolaima.fr\/wp-content\/uploads\/2022\/04\/2022.05.Fly-Atelier-Famille-Mono.p1-212x300.jpg 212w, https:\/\/assolaima.fr\/wp-content\/uploads\/2022\/04\/2022.05.Fly-Atelier-Famille-Mono.p1-768x1086.jpg 768w, https:\/\/assolaima.fr\/wp-content\/uploads\/2022\/04\/2022.05.Fly-Atelier-Famille-Mono.p1-1086x1536.jpg 1086w, https:\/\/assolaima.fr\/wp-content\/uploads\/2022\/04\/2022.05.Fly-Atelier-Famille-Mono.p1.jpg 1241w\" sizes=\"(max-width: 724px) 100vw, 724px\" \/><\/figure><\/div>\n\n\n\n<div class=\"wp-block-image\"><figure class=\"aligncenter size-large\"><img loading=\"lazy\" width=\"724\" height=\"1024\" src=\"http:\/\/assolaima.fr\/wp-content\/uploads\/2022\/04\/2022.05.Fly-Atelier-Famille-Mono.p2-724x1024.jpg\" alt=\"\" class=\"wp-image-647\" srcset=\"https:\/\/assolaima.fr\/wp-content\/uploads\/2022\/04\/2022.05.Fly-Atelier-Famille-Mono.p2-724x1024.jpg 724w, https:\/\/assolaima.fr\/wp-content\/uploads\/2022\/04\/2022.05.Fly-Atelier-Famille-Mono.p2-212x300.jpg 212w, https:\/\/assolaima.fr\/wp-content\/uploads\/2022\/04\/2022.05.Fly-Atelier-Famille-Mono.p2-768x1086.jpg 768w, https:\/\/assolaima.fr\/wp-content\/uploads\/2022\/04\/2022.05.Fly-Atelier-Famille-Mono.p2-1086x1536.jpg 1086w, https:\/\/assolaima.fr\/wp-content\/uploads\/2022\/04\/2022.05.Fly-Atelier-Famille-Mono.p2.jpg 1241w\" sizes=\"(max-width: 724px) 100vw, 724px\" \/><\/figure><\/div>\n","protected":false},"excerpt":{"rendered":"<p>Du 8 octobre au 6 d\u00e9cembre 2022Ateliers GRATUIT et ouvert \u00e0 tou.te.s &#8211; Famille Monoparentale \u00a0\u00bb On ne na\u00eet pas parent !\u00a0\u00bb \u00ab\u00a0Je ne suis et\/ou je me sens seul.e dans ma parentalit\u00e9\u00a0\u00bb \u00ab\u00a0Se ressourcer pendant que les plus jeunes explorent de leurs c\u00f4t\u00e9s\u00a0\u00bb Ateliers \u00e0 destination des adultes et des enfants PROGRAMME CI-DESSOUS RENTR\u00c9E &hellip; <\/p>\n<p class=\"link-more\"><a href=\"https:\/\/assolaima.fr\/index.php\/famille-monoparentale\/\" class=\"more-link\">Continuer la lecture<span class=\"screen-reader-text\"> de &laquo;&nbsp;Famille Monoparentale&nbsp;&raquo;<\/span><\/a><\/p>\n","protected":false},"author":1,"featured_media":0,"parent":0,"menu_order":0,"comment_status":"closed","ping_status":"closed","template":"","meta":[],"_links":{"self":[{"href":"https:\/\/assolaima.fr\/index.php\/wp-json\/wp\/v2\/pages\/645"}],"collection":[{"href":"https:\/\/assolaima.fr\/index.php\/wp-json\/wp\/v2\/pages"}],"about":[{"href":"https:\/\/assolaima.fr\/index.php\/wp-json\/wp\/v2\/types\/page"}],"author":[{"embeddable":true,"href":"https:\/\/assolaima.fr\/index.php\/wp-json\/wp\/v2\/users\/1"}],"replies":[{"embeddable":true,"href":"https:\/\/assolaima.fr\/index.php\/wp-json\/wp\/v2\/comments?post=645"}],"version-history":[{"count":6,"href":"https:\/\/assolaima.fr\/index.php\/wp-json\/wp\/v2\/pages\/645\/revisions"}],"predecessor-version":[{"id":728,"href":"https:\/\/assolaima.fr\/index.php\/wp-json\/wp\/v2\/pages\/645\/revisions\/728"}],"wp:attachment":[{"href":"https:\/\/assolaima.fr\/index.php\/wp-json\/wp\/v2\/media?parent=645"}],"curies":[{"name":"wp","href":"https:\/\/api.w.org\/{rel}","templated":true}]}}