{"id":63,"date":"2018-09-07T10:49:03","date_gmt":"2018-09-07T08:49:03","guid":{"rendered":"http:\/\/assolaima.fr\/?page_id=63"},"modified":"2022-09-10T16:53:56","modified_gmt":"2022-09-10T14:53:56","slug":"contact-2","status":"publish","type":"page","link":"https:\/\/assolaima.fr\/index.php\/contact-2\/","title":{"rendered":"Contact"},"content":{"rendered":"<p><strong>Contact mail<\/strong> :<\/p>\n<p>assolaima@gmail.com<\/p>\n<p>Les <strong>intervenantes<\/strong> de l&rsquo;association :<\/p>\n<p>Lili Courbon : 06.49.74.78.53 \/ lilicourbon.laima@gmail.com<\/p>\n<p>Emmanuelle Ourtiga : 06.89.45.08.73<\/p>\n<p>C\u00e9line Poulain : 06.17.98.71.07<\/p>\n<p><strong>Si\u00e8ge social de l&rsquo;association<\/strong> : La ville aux f\u00e8ves 56220 Malansac<\/p>\n<p><strong>Actualit\u00e9s :<\/strong> <img loading=\"lazy\" class=\"alignnone  wp-image-694\" src=\"http:\/\/assolaima.fr\/wp-content\/uploads\/2022\/06\/FB2-300x106.jpeg\" alt=\"\" width=\"112\" height=\"39\" srcset=\"https:\/\/assolaima.fr\/wp-content\/uploads\/2022\/06\/FB2-300x106.jpeg 300w, https:\/\/assolaima.fr\/wp-content\/uploads\/2022\/06\/FB2.jpeg 378w\" sizes=\"(max-width: 112px) 100vw, 112px\" \/> &#8211; <a href=\"https:\/\/www.facebook.com\/LA%C3%8FMA-104617715559042\">@laima.asso<\/a><\/p>\n<p>\u00a0<\/p>\n\n\n<div class=\"wp-block-image\"><figure class=\"aligncenter size-full\"><img loading=\"lazy\" width=\"436\" height=\"305\" src=\"http:\/\/assolaima.fr\/wp-content\/uploads\/2021\/11\/Logo-.jpeg\" alt=\"\" class=\"wp-image-549\" srcset=\"https:\/\/assolaima.fr\/wp-content\/uploads\/2021\/11\/Logo-.jpeg 436w, https:\/\/assolaima.fr\/wp-content\/uploads\/2021\/11\/Logo--300x210.jpeg 300w\" sizes=\"(max-width: 436px) 100vw, 436px\" \/><\/figure><\/div>\n","protected":false},"excerpt":{"rendered":"<p>Contact mail : assolaima@gmail.com Les intervenantes de l&rsquo;association : Lili Courbon : 06.49.74.78.53 \/ lilicourbon.laima@gmail.com Emmanuelle Ourtiga : 06.89.45.08.73 C\u00e9line Poulain : 06.17.98.71.07 Si\u00e8ge social de l&rsquo;association : La ville aux f\u00e8ves 56220 Malansac Actualit\u00e9s : &#8211; @laima.asso \u00a0<\/p>\n","protected":false},"author":1,"featured_media":0,"parent":0,"menu_order":0,"comment_status":"closed","ping_status":"closed","template":"","meta":[],"_links":{"self":[{"href":"https:\/\/assolaima.fr\/index.php\/wp-json\/wp\/v2\/pages\/63"}],"collection":[{"href":"https:\/\/assolaima.fr\/index.php\/wp-json\/wp\/v2\/pages"}],"about":[{"href":"https:\/\/assolaima.fr\/index.php\/wp-json\/wp\/v2\/types\/page"}],"author":[{"embeddable":true,"href":"https:\/\/assolaima.fr\/index.php\/wp-json\/wp\/v2\/users\/1"}],"replies":[{"embeddable":true,"href":"https:\/\/assolaima.fr\/index.php\/wp-json\/wp\/v2\/comments?post=63"}],"version-history":[{"count":10,"href":"https:\/\/assolaima.fr\/index.php\/wp-json\/wp\/v2\/pages\/63\/revisions"}],"predecessor-version":[{"id":723,"href":"https:\/\/assolaima.fr\/index.php\/wp-json\/wp\/v2\/pages\/63\/revisions\/723"}],"wp:attachment":[{"href":"https:\/\/assolaima.fr\/index.php\/wp-json\/wp\/v2\/media?parent=63"}],"curies":[{"name":"wp","href":"https:\/\/api.w.org\/{rel}","templated":true}]}}