{"id":62,"date":"2018-09-07T10:49:03","date_gmt":"2018-09-07T08:49:03","guid":{"rendered":"http:\/\/assolaima.fr\/?page_id=62"},"modified":"2026-01-06T16:35:40","modified_gmt":"2026-01-06T15:35:40","slug":"intervenantes","status":"publish","type":"page","link":"https:\/\/assolaima.fr\/index.php\/a-propos-de\/intervenantes\/","title":{"rendered":"Intervenantes"},"content":{"rendered":"\n<div class=\"wp-block-image\"><figure class=\"alignleft size-medium\"><img loading=\"lazy\" width=\"221\" height=\"300\" src=\"https:\/\/assolaima.fr\/wp-content\/uploads\/2021\/12\/IMG_20211207_151833-221x300.jpg\" alt=\"\" class=\"wp-image-570\" srcset=\"https:\/\/assolaima.fr\/wp-content\/uploads\/2021\/12\/IMG_20211207_151833-221x300.jpg 221w, https:\/\/assolaima.fr\/wp-content\/uploads\/2021\/12\/IMG_20211207_151833-755x1024.jpg 755w, https:\/\/assolaima.fr\/wp-content\/uploads\/2021\/12\/IMG_20211207_151833-768x1041.jpg 768w, https:\/\/assolaima.fr\/wp-content\/uploads\/2021\/12\/IMG_20211207_151833-1133x1536.jpg 1133w, https:\/\/assolaima.fr\/wp-content\/uploads\/2021\/12\/IMG_20211207_151833-1511x2048.jpg 1511w, https:\/\/assolaima.fr\/wp-content\/uploads\/2021\/12\/IMG_20211207_151833-scaled.jpg 1889w\" sizes=\"(max-width: 221px) 100vw, 221px\" \/><figcaption>Lili Courbon &#8211; Animatrice et Psychopraticienne <\/figcaption><\/figure><\/div>\n\n\n\n<p><strong>Lili Courbon : <\/strong><\/p>\n\n\n\n<p>Petite, la justici\u00e8re et la transmetteuse parlaient en moi. Fille de la ville, la d\u00e9couverte de la Nature et des montagnes ont ouvert les possibles d&rsquo;un autre monde.<\/p>\n\n\n\n<p>Curieuse, j&rsquo;ai souhait\u00e9 d\u00e9couvrir le monde, et les voyages ont form\u00e9 mes premi\u00e8res ann\u00e9es dans le monde des adultes, en parall\u00e8le j&rsquo;ai \u00e9volu\u00e9 au sein de l&rsquo;\u00e9cole de la vie et de la d\u00e9brouille.<\/p>\n\n\n\n<p>Impuls\u00e9e par la volont\u00e9 d\u2019\u0153uvrer pour plus de justice sociale, je suis devenue <strong>\u00c9ducatrice Sp\u00e9cialis\u00e9e<\/strong>. J&rsquo;ai accompagn\u00e9 plusieurs ann\u00e9es durant des femmes seules avec enfants et des familles au sein d&rsquo;un Centre d&rsquo;H\u00e9bergement et de R\u00e9insertion Sociale.<\/p>\n\n\n\n<p>J&rsquo;ai aussi \u00e9t\u00e9 Animatrice en d\u00e9veloppement rural, dans une association d&rsquo;<strong>\u00c9ducation Populaire<\/strong>, avec l\u2019accueil et l\u2019accompagnement \u00e0 la r\u00e9flexion, \u00e0 la cr\u00e9ation et \u00e0 l\u2019installation de projets dits \u00ab&nbsp;atypiques \u00bb en milieu rural. J\u2019ai pu y ressentir cet \u00e9lan de la transmission, de l\u2019animation et de construction p\u00e9dagogique ainsi que la cr\u00e9ation de dynamiques collectives et de coh\u00e9sion de groupe. \u00c0 ce jour, je reste intervenante au sein de cette structure : l&rsquo;association <strong><a href=\"https:\/\/www.association-la-marmite.fr\/\" target=\"_blank\" rel=\"noreferrer noopener\">La Marmite<\/a><\/strong>. J&rsquo;interviens et coordonne la formation \u00e9mergence <strong>\u00ab\u00a0De l&rsquo;id\u00e9e au projet\u00a0\u00bb<\/strong>, ainsi que <strong>\u00ab\u00a0Savoir &#8211; \u00eatre et savoir &#8211; faire dans les organisations collectives\u00a0\u00bb<\/strong> et <strong>\u00ab\u00a0Communiquer en conscience en \u00e9quipe\u00a0\u00bb<\/strong><\/p>\n\n\n\n<p>Ces ann\u00e9es faites d&rsquo;exp\u00e9riences personnelles, relationnelles, professionnelles et aussi militantes, ont contribu\u00e9 \u00e0 nourrir mes r\u00e9flexions : sur les \u00ab\u00a0curiosit\u00e9s\u00a0\u00bb de la vie, les modes de constructions et de d\u00e9constructions sociales et culturelles, les fonctionnements et enjeux soci\u00e9taux, les rapports humains pour porter un regard attentif et conscient sur l&rsquo;\u00e9volution de notre monde.<\/p>\n\n\n\n<p>D\u00e9sireuse de mieux comprendre le fonctionnement humain, relationnel, je me suis investie dans diverses formations : <strong>Animation en Agro\u00e9cologie<\/strong> (Terre et Humanisme) &#8211; <strong>Communication NonViolente<\/strong> (CNCV) &#8211; <strong>M\u00e9ditation et Pleine Conscience\u00a0<\/strong>&#8211; MBSR- (BNB) &#8211; <strong>Sophrologie<\/strong> (IFS).<br>Je suis \u00e9galement <strong>\u00c9ducatrice somatique par le mouvement<\/strong> &#8211; BMC<strong> Body-Mind Centering<\/strong> (SOMA)  et en fin de formation en <strong>Somatic Experiencing<\/strong> (CEFORT), sur<em> <strong>la lib\u00e9ration des traumas et la r\u00e9gulation du syst\u00e8me nerveux<\/strong><\/em>. En formation : <strong>IFS<\/strong> (Internal Family System), sur les diff\u00e9rentes parts de soi.<br><br>Chercheuse, je m&rsquo;alimente en ce moment de la<strong> Th\u00e9orie Polyvagale<\/strong>, de toutes <strong>pratiques somatiques<\/strong> permettant une meilleure compr\u00e9hension des syst\u00e8mes nerveux, dans un enjeux inter-personnel dans les organisations collectives (relations, famille, assos, collectifs, ..) et me questionne sur les traumas collectifs que traverse les groupes humains.<\/p>\n\n\n\n<p>Toutes ces exp\u00e9riences, mais aussi la danse, ont tout bonnement aliment\u00e9 mon parcours pour affiner un accompagnement par le corps, des \u00e9motions, des pens\u00e9es, et \u00e0 permettre d&rsquo;accompagner \u00e0 un mieux \u00eatre.<\/p>\n\n\n\n<p>Ceci a \u00e9t\u00e9 une invitation pour moi de reconna\u00eetre notre appartenance au vivant, pour oser \u00eatre, retrouver notre souverainet\u00e9 int\u00e9rieure et \u00eatre actrice.eur de sa vie : le pouvoir du dedans. J&rsquo;ai \u00e0 c\u0153ur d\u2019\u0153uvrer \u00e0 ce changement de regard et de paradigme qui se profile.<\/p>\n\n\n\n<p>Contribuer, s&rsquo;engager et accompagner au mieux les \u00eatres et les structures vers plus d&rsquo;\u00e9quit\u00e9, de respect et de bienveillance envers soi, les autres, le Vivant, le monde, voil\u00e0 ce qui m&rsquo;anime.<\/p>\n\n\n\n<p>Animatrice de l&rsquo;association La\u00efma, je suis heureuse de pouvoir mettre mes exp\u00e9riences et comp\u00e9tences, mon \u00e9nergie, mes \u00e9lans au profit de celle-ci et en lien avec mes coll\u00e8gues pour un monde juste et harmonieux.<\/p>\n\n\n\n<p>Je propose \u00e9galement des<strong><a rel=\"noreferrer noopener\" href=\"https:\/\/assolaima.fr\/index.php\/seances-individuelles-accompagnement\/\" target=\"_blank\"> accompagnements individuels<\/a><\/strong>, \u00e0 l&rsquo;Espace Prendre Soin \u00e0 Malansac (56) et en visio, gr\u00e2ce \u00e0 la <a rel=\"noreferrer noopener\" href=\"https:\/\/www.apf-somatic-experiencing.com\/\" target=\"_blank\"><strong>Somatic Experiencing<\/strong><\/a>, la <strong><a rel=\"noreferrer noopener\" href=\"https:\/\/assolaima.fr\/index.php\/sophrologie\/\" target=\"_blank\">sophrologie<\/a><\/strong> et l<strong>&lsquo;\u00e9coute active<\/strong>.<br>Je suis \u00e9galement membres de l&rsquo;APFSE &#8211; Association de Praticiens Francophone en Somatic Experiencing<br><\/p>\n\n\n\n<p><em>\u00ab\u00a0Tout le chemin de vie est de passer de la peur \u00e0 l&rsquo;amour et de l&rsquo;ignorance \u00e0 la connaissance\u00a0\u00bb<\/em> &#8230;<\/p>\n\n\n\n<p><strong><em>Contacts<\/em><\/strong> : lilicourbon.laima@gmail.com \/ 06.49.74.78.53<\/p>\n\n\n\n<div class=\"wp-block-image\"><figure class=\"alignleft size-full is-resized\"><img loading=\"lazy\" src=\"https:\/\/assolaima.fr\/wp-content\/uploads\/2024\/06\/Capture-de\u0301cran-2023-02-03-a\u0300-15.57.11.png\" alt=\"\" class=\"wp-image-855\" width=\"250\" height=\"234\" srcset=\"https:\/\/assolaima.fr\/wp-content\/uploads\/2024\/06\/Capture-de\u0301cran-2023-02-03-a\u0300-15.57.11.png 361w, https:\/\/assolaima.fr\/wp-content\/uploads\/2024\/06\/Capture-de\u0301cran-2023-02-03-a\u0300-15.57.11-300x281.png 300w\" sizes=\"(max-width: 250px) 100vw, 250px\" \/><\/figure><\/div>\n\n\n\n<p><strong>C\u00e9line Poulain<\/strong> :<\/p>\n\n\n\n<p class=\"has-text-align-left\">Du plus loin que je me souvienne, je r\u00eavais de devenir docteur, d\u00e9tective ou \u00e9leveuse.<\/p>\n\n\n\n<p class=\"has-text-align-left\">Aujourd\u2019hui je ne suis ni l&rsquo;un ni l&rsquo;autre.<\/p>\n\n\n\n<p class=\"has-text-align-left\">Cependant chacun de ces d\u00e9sirs m&rsquo;a inspir\u00e9 pour \u00eatre ce que je suis.<\/p>\n\n\n\n<p class=\"has-text-align-left\">J&rsquo;ai eu un parcours classique : l&rsquo;\u00e9cole de la vie, les voyages, la connexion avec la nature avec en parall\u00e8le des \u00e9tudes de psychologie (Licence), et d&rsquo;animation socio-culturelle (IUT Carri\u00e8res Sociales) qui m&rsquo;ont confront\u00e9, ouvert, agrandi, fait rencontrer l&rsquo;humain, petit et grand, et le monde des relations et des \u00e9motions.<\/p>\n\n\n\n<p>Apr\u00e8s avoir longtemps accompagn\u00e9 des jeunes en s\u00e9jours de rupture avec l&rsquo;association FA.DI.BR.EU.SO et d&rsquo;avoir ainsi c\u00f4toyer des c\u0153urs \u00e0 vifs, aux relations familiales abim\u00e9es, et en d\u00e9crochage scolaire, j&rsquo;ai eu envie de me former encore plus pour mieux saisir les enjeux relationnels entre \u00eatre humains, ceux de la psych\u00e9 humaine et d&rsquo;avoir des outils pour accompagner les difficult\u00e9s d\u2019apprentissage .<\/p>\n\n\n\n<p>Mes formations : &nbsp;<\/p>\n\n\n\n<p class=\"has-text-align-left\"><strong>Communication Relationnelle<\/strong> (M\u00e9thode Esp\u00e8re de J. Salom\u00e9 \u00e0 Paris), <strong>C.N.V <\/strong>(J.P. Faure Rennes), en Communication <strong>Parents\/Enfants et ados<\/strong> (Faber et Mazlish \u00e0 Rennes et Parentalit\u00e9 consciente et respectueuse de I. Filliozat et l&rsquo;Atelier des Parents), \u00e0 la p\u00e9dagogie <strong>Montessori<\/strong> (0\/3 ans et 3\/6ans ). <\/p>\n\n\n\n<p><strong>Graphoth\u00e9rapie<\/strong> (Le Geste Paris), <strong>R\u00e9flexes archa\u00efques <\/strong>(IMP Paul Landon et Labo r\u00e9flexes), <strong>Kin\u00e9siologie(<\/strong> ECAP)<\/p>\n\n\n\n<p><strong>Maieusth\u00e9sie<\/strong> : th\u00e9rapie br\u00e8ve (Thierry Tournebise)<\/p>\n\n\n\n<p class=\"has-text-align-left\">Les deux autres grandes \u00e9coles que je suis chaque jour et qui continuent \u00e0 me bousculer, et c&rsquo;est bien cela qui est formidable, ce sont celles d&rsquo;\u00eatre la compagne d&rsquo;un homme, la m\u00e8re d&rsquo;une jolie fleur ainsi que la belle m\u00e8re d&rsquo;une gracieuse libellule.<\/p>\n\n\n\n<p class=\"has-text-align-left\">Aujourd&rsquo;hui je continue \u00e0 r\u00eaver&#8230; que plus il y aura d&rsquo;hommes et de femmes qui prendront soin d&rsquo;aller vers une paix int\u00e9rieure, comme un jardinier prend soin de ses fleurs, plus il y aura de paix dans le monde, car la paix est contagieuse.<\/p>\n\n\n\n<p><em><strong>Contacts<\/strong><\/em> : celinepoulain@yahoo.fr \/ 06.17.98.71.07 \/ <a href=\"http:\/\/www.celinepoulain.fr\/\">celinepoulain.fr<\/a><\/p>\n\n\n\n<div class=\"wp-block-image\"><figure class=\"alignleft\"><a href=\"http:\/\/assolaima.fr\/index.php\/a-propos-de\/intervenantes\/manue-photo\/\" rel=\"attachment wp-att-258\"><img loading=\"lazy\" width=\"203\" height=\"300\" src=\"http:\/\/assolaima.fr\/wp-content\/uploads\/2020\/05\/Manue-photo-203x300.jpg\" alt=\"\" class=\"wp-image-258\" srcset=\"https:\/\/assolaima.fr\/wp-content\/uploads\/2020\/05\/Manue-photo-203x300.jpg 203w, https:\/\/assolaima.fr\/wp-content\/uploads\/2020\/05\/Manue-photo-768x1135.jpg 768w, https:\/\/assolaima.fr\/wp-content\/uploads\/2020\/05\/Manue-photo-693x1024.jpg 693w, https:\/\/assolaima.fr\/wp-content\/uploads\/2020\/05\/Manue-photo.jpg 1740w\" sizes=\"(max-width: 203px) 100vw, 203px\" \/><\/a><\/figure><\/div>\n\n\n\n<p><strong>Emmanuelle Ourtiga<\/strong> :<\/p>\n\n\n\n<p>Les premiers m\u00e9tiers qui m&rsquo;ont faite r\u00eaver \u00e9taient astronaute et berg\u00e8re.<br>Petite, je regardais fascin\u00e9e, les avions l\u00e0 haut dans le ciel avec l&rsquo;envie d&rsquo;aller jeter un \u0153il ailleurs moi aussi.<\/p>\n\n\n\n<p>\u00c9merveill\u00e9e par la beaut\u00e9 du monde, par le myst\u00e8re de l&rsquo;univers, je l&rsquo;exprimais en peignant, dessinant, photographiant. Ce qui m&rsquo;a conduite d&rsquo;abord vers des \u00e9tudes d&rsquo;arts plastiques.<\/p>\n\n\n\n<p>Parall\u00e8lement, je commen\u00e7ais \u00e0 travailler comme animatrice, \u00e0 d\u00e9couvrir les milieux de l\u2019\u00c9ducation Populaire, les dynamiques associatives, \u00e0 forger mes premi\u00e8res r\u00e9flexions politiques&#8230;\u00e0 travers les exp\u00e9riences, ici et ailleurs dans le monde, je d\u00e9finissais mes valeurs.<\/p>\n\n\n\n<p>Ce sont elles qui m&rsquo;ont amen\u00e9e quelques ann\u00e9es plus tard \u00e0 suivre une formation de Conseill\u00e8re en \u00c9conomie Sociale et Familiale puis \u00e0 exercer dans le milieu associatif, \u00e0 y vivre avec des b\u00e9n\u00e9voles, des adh\u00e9rents de tout \u00e2ge, des coll\u00e8gues, des familles accompagn\u00e9es, des partenaires, des exp\u00e9riences collectives, riches, stimulantes, valorisantes, solidaires, \u00e9mouvantes, parfois confrontantes ou grin\u00e7antes\u2026 J&rsquo;ai constat\u00e9 progressivement dans ces exp\u00e9riences que le corps \u00e9tait peu consid\u00e9r\u00e9 et que le travail social donnait tr\u00e8s peu de place \u00e0 la dimension \u00e9motionnelle.<\/p>\n\n\n\n<p>Je me suis alors tourn\u00e9e vers la <strong>Communication Non violente<\/strong> et me suis aussi form\u00e9e pour \u00eatre enseignante de<strong> Hatha Yoga<\/strong> (m\u00e9ditation, postures et relaxation). \u00c7a a \u00e9t\u00e9 une r\u00e9v\u00e9lation d&rsquo;exp\u00e9rimenter de nouvelles fa\u00e7ons de communiquer, de comprendre que chaque \u00e9motion est un cadeau pour parler d&rsquo;un besoin, d&rsquo;une aspiration. \u00c7a a \u00e9t\u00e9 magique de vivre davantage de confiance pour m&rsquo;exprimer, partager, pour pouvoir r\u00e9aliser des choses qui font sens pour moi.<\/p>\n\n\n\n<p>Une de ces choses est d\u00a0\u00bbenseigner le yoga aujourd&rsquo;hui.<\/p>\n\n\n\n<p>Pour aller plus loin, pour faire vivre aussi plus largement de nouvelles fa\u00e7ons de se connecter \u00e0 soi, aux autres, au monde : que la recherche du bien \u00eatre, qui est celle de la sant\u00e9 globale, ne reste pas individuelle, inaccessible, mais collective, populaire, \u00e0 la port\u00e9e de chacun.e, avec pour finalit\u00e9 de (re)prendre collectivement les rennes de nos vies et de notre environnement pour fa\u00e7onner le monde dans lequel on a envie de vivre : initier \u00e0 la communication bienveillante au sein de LA\u00cfMA m&rsquo;enchante.<\/p>\n\n\n\n<p>Au plaisir de vous rencontrer.<\/p>\n\n\n\n<p>Licence en Arts plastiques (Rennes 2)<br>Dipl\u00f4me de Conseill\u00e8re en \u00c9conomie Sociale et Familiale (CNAM IFORIS Angers)<br>Formation \u00ab\u00a0Susciter la participation\u00a0\u00bb (Scop Le Pav\u00e9)<br>Dipl\u00f4me d&rsquo;enseignante de Hatha yoga (UOY)<br>Brevet professionnel de chef d&rsquo;exploitation agricole : du grain au<br>pain (Ineopole Brens)<br>Formation en Communication bienveillante dont 9 jours sur la posture<br>de m\u00e9diatrice.<br>Pour un yoga sans d\u00e9gats (Institut Bernadette de Gasquet- Paris)<br>Yoga du Son (Denis Fargeot- Paris)<\/p>\n\n\n\n<p><em><strong>Contacts<\/strong> <\/em>: souffleetseme@gmail.com \/ 06.89.45.08.73<\/p>\n","protected":false},"excerpt":{"rendered":"<p>Lili Courbon : Petite, la justici\u00e8re et la transmetteuse parlaient en moi. Fille de la ville, la d\u00e9couverte de la Nature et des montagnes ont ouvert les possibles d&rsquo;un autre monde. Curieuse, j&rsquo;ai souhait\u00e9 d\u00e9couvrir le monde, et les voyages ont form\u00e9 mes premi\u00e8res ann\u00e9es dans le monde des adultes, en parall\u00e8le j&rsquo;ai \u00e9volu\u00e9 au &hellip; <\/p>\n<p class=\"link-more\"><a href=\"https:\/\/assolaima.fr\/index.php\/a-propos-de\/intervenantes\/\" class=\"more-link\">Continuer la lecture<span class=\"screen-reader-text\"> de &laquo;&nbsp;Intervenantes&nbsp;&raquo;<\/span><\/a><\/p>\n","protected":false},"author":1,"featured_media":0,"parent":17,"menu_order":0,"comment_status":"closed","ping_status":"closed","template":"","meta":[],"_links":{"self":[{"href":"https:\/\/assolaima.fr\/index.php\/wp-json\/wp\/v2\/pages\/62"}],"collection":[{"href":"https:\/\/assolaima.fr\/index.php\/wp-json\/wp\/v2\/pages"}],"about":[{"href":"https:\/\/assolaima.fr\/index.php\/wp-json\/wp\/v2\/types\/page"}],"author":[{"embeddable":true,"href":"https:\/\/assolaima.fr\/index.php\/wp-json\/wp\/v2\/users\/1"}],"replies":[{"embeddable":true,"href":"https:\/\/assolaima.fr\/index.php\/wp-json\/wp\/v2\/comments?post=62"}],"version-history":[{"count":27,"href":"https:\/\/assolaima.fr\/index.php\/wp-json\/wp\/v2\/pages\/62\/revisions"}],"predecessor-version":[{"id":911,"href":"https:\/\/assolaima.fr\/index.php\/wp-json\/wp\/v2\/pages\/62\/revisions\/911"}],"up":[{"embeddable":true,"href":"https:\/\/assolaima.fr\/index.php\/wp-json\/wp\/v2\/pages\/17"}],"wp:attachment":[{"href":"https:\/\/assolaima.fr\/index.php\/wp-json\/wp\/v2\/media?parent=62"}],"curies":[{"name":"wp","href":"https:\/\/api.w.org\/{rel}","templated":true}]}}