{"id":60,"date":"2018-09-07T10:49:03","date_gmt":"2018-09-07T08:49:03","guid":{"rendered":"http:\/\/assolaima.fr\/?page_id=60"},"modified":"2022-03-16T12:17:46","modified_gmt":"2022-03-16T11:17:46","slug":"communication-consciente","status":"publish","type":"page","link":"https:\/\/assolaima.fr\/index.php\/communication-consciente\/","title":{"rendered":"Communication Consciente"},"content":{"rendered":"\n<h1 class=\"has-text-align-center\"><span style=\"color:#058f60\" class=\"has-inline-color\">Stage : communication consciente et bienveillante<\/span><\/h1>\n\n\n\n<div class=\"wp-block-image\"><figure class=\"aligncenter size-large\"><img loading=\"lazy\" width=\"724\" height=\"1024\" src=\"http:\/\/assolaima.fr\/wp-content\/uploads\/2022\/03\/Communication-consciente-et-bienveillante-724x1024.jpg\" alt=\"Communication consciente et bienveillante\" class=\"wp-image-598\" srcset=\"https:\/\/assolaima.fr\/wp-content\/uploads\/2022\/03\/Communication-consciente-et-bienveillante-724x1024.jpg 724w, https:\/\/assolaima.fr\/wp-content\/uploads\/2022\/03\/Communication-consciente-et-bienveillante-212x300.jpg 212w, https:\/\/assolaima.fr\/wp-content\/uploads\/2022\/03\/Communication-consciente-et-bienveillante-768x1086.jpg 768w, https:\/\/assolaima.fr\/wp-content\/uploads\/2022\/03\/Communication-consciente-et-bienveillante-1086x1536.jpg 1086w, https:\/\/assolaima.fr\/wp-content\/uploads\/2022\/03\/Communication-consciente-et-bienveillante.jpg 1241w\" sizes=\"(max-width: 724px) 100vw, 724px\" \/><figcaption>Communication consciente et bienveillante<\/figcaption><\/figure><\/div>\n\n\n\n<h1 class=\"has-text-align-center\"><span style=\"color:#058f60\" class=\"has-inline-color\">14 &amp; 15 mai 2022 &#8211; aux alentours de Questembert (56)<\/span><\/h1>\n\n\n<p align=\"JUSTIFY\"><span style=\"color: #000000;\"><span style=\"font-family: Times;\"><span style=\"font-size: medium;\">Il s&rsquo;agit d&rsquo;aborder les notions de la communication bienveillante, exp\u00e9rimenter une posture, se familiariser avec un processus d&rsquo;\u00e9change et de relation.<\/span><\/span><\/span><\/p>\n<p align=\"JUSTIFY\"><span style=\"color: #000000;\"><span style=\"font-family: Times;\"><span style=\"font-size: medium;\">Proposition pour le week-end : <\/span><\/span><\/span><\/p>\n<p align=\"JUSTIFY\"><span style=\"color: #000000;\"><span style=\"font-family: Times;\"><span style=\"font-size: medium;\">Le stage alliera mise en pratique d\u2019exercices interactifs et de partage en groupe, dans la convivialit\u00e9. Ce temps n\u2019a pas de vocation th\u00e9rapeutique.<\/span><\/span><\/span><\/p>\n<p align=\"JUSTIFY\"><span style=\"color: #000000;\"><span style=\"font-family: Times;\"><span style=\"font-size: medium;\">Il offrira l\u2019opportunit\u00e9 de : <\/span><\/span><\/span><\/p>\n<ul>\n<li>\n<p align=\"JUSTIFY\"><span style=\"color: #000000;\"><span style=\"font-family: Times;\"><span style=\"font-size: medium;\">Se connecter \u00e0 soi<\/span><\/span><\/span><\/p>\n<\/li>\n<li>\n<p align=\"JUSTIFY\"><span style=\"color: #000000;\"><span style=\"font-family: Times;\"><span style=\"font-size: medium;\">Aborder l\u2019auto-empathie<\/span><\/span><\/span><\/p>\n<\/li>\n<li>\n<p align=\"JUSTIFY\"><span style=\"color: #000000;\"><span style=\"font-family: Times;\"><span style=\"font-size: medium;\">Exp\u00e9rimenter diff\u00e9rentes fa\u00e7on d\u2019\u00e9couter<\/span><\/span><\/span><\/p>\n<\/li>\n<li>\n<p align=\"JUSTIFY\"><span style=\"color: #000000;\"><span style=\"font-family: Times;\"><span style=\"font-size: medium;\">Parler de soi avec authenticit\u00e9 et bienveillance<\/span><\/span><\/span><\/p>\n<\/li>\n<li>\n<p align=\"JUSTIFY\"><span style=\"color: #000000;\"><span style=\"font-family: Times;\"><span style=\"font-size: medium;\">Ressentir et partager ses \u00e9motions<\/span><\/span><\/span><\/p>\n<\/li>\n<li>\n<p align=\"JUSTIFY\"><span style=\"color: #000000;\"><span style=\"font-family: Times;\"><span style=\"font-size: medium;\">Savoir reconna\u00eetre ses propres besoins et les communiquer \u00e0 l\u2019autr<\/span><\/span><\/span><span style=\"color: #000000;\"><span style=\"font-family: Times;\"><span style=\"font-size: medium;\">e<\/span><\/span><\/span><\/p>\n<\/li>\n<li>\n<p align=\"JUSTIFY\"><span style=\"color: #000000;\"><span style=\"font-family: Times;\"><span style=\"font-size: medium;\">Prendre du recul sur les situations de tensions et savoir se ressourcer<\/span><\/span><\/span><\/p>\n<\/li>\n<\/ul>\n<p align=\"JUSTIFY\"><span style=\"color: #000000;\"><span style=\"font-family: Times;\"><span style=\"font-size: medium;\">Ouvert \u00e0 tou.te.s<\/span><\/span><\/span><\/p>\n<p align=\"JUSTIFY\"><span style=\"color: #000000;\"><span style=\"font-family: Times;\"><span style=\"font-size: medium;\">Maximum 12 personnes<\/span><\/span><\/span><\/p>\n<p align=\"JUSTIFY\"><span style=\"color: #000000;\"><span style=\"font-family: Times;\"><span style=\"font-size: medium;\"><strong>Dur\u00e9e<\/strong> : un week-end sans h\u00e9bergement, de 9h30 \u00e0 17h30<\/span><\/span><\/span><\/p>\n<p align=\"JUSTIFY\"><span style=\"color: #000000;\"><span style=\"font-family: Times;\"><span style=\"font-size: medium;\"><strong>Tarif<\/strong>\u00a0: 200 \u20ac par personne ou\u00a0 petit budget<\/span><\/span><\/span><\/p>\n<p align=\"JUSTIFY\"><strong><span style=\"color: #000000;\"><span style=\"font-family: Times;\"><span style=\"font-size: medium;\">Modalit\u00e9s pratiques : <\/span><\/span><\/span><\/strong><span style=\"color: #000000;\"><span style=\"font-family: Times;\"><span style=\"font-size: medium;\">Repas partag\u00e9, chacun.e apporte un plat \u00e0 partager. <\/span><\/span><\/span><span style=\"color: #000000;\"><span style=\"font-family: Times;\"><span style=\"font-size: medium;\">Tenue confortable.<\/span><\/span><\/span><\/p>\n<p align=\"JUSTIFY\"><span style=\"color: #000000;\"><span style=\"font-family: Times;\"><span style=\"font-size: medium;\"><strong>Renseignements et inscriptions :<\/strong> assolaima@gmail.com<br \/><\/span><\/span><\/span><\/p>\n<p align=\"JUSTIFY\"><span style=\"color: #000000;\"><span style=\"font-family: Times;\"><span style=\"font-size: medium;\"><b>Encadrement p\u00e9dagogique :<\/b><\/span><\/span><\/span><\/p>\n<p align=\"JUSTIFY\"><span style=\"color: #000000;\"><span style=\"font-family: Times;\"><span style=\"font-size: medium;\">La formation est anim\u00e9e par deux intervenantes de l&rsquo;association \u00ab La\u00efma \u00bb, form\u00e9es en communication bienveillante.<\/span><\/span><\/span><\/p>\n<p align=\"JUSTIFY\"><span style=\"font-family: Times New Roman, serif;\"><span style=\"font-size: medium;\"><b>Lili Courbon<\/b>, Sophrologue, Animatrice d\u2019\u00e9ducation populaire, Accompagnatrice de porteur.euse.s de projet, et de dynamiques collectives, form\u00e9e en Communication Non Violente, Dipl\u00f4me d\u2019\u00e9tat \u00c9ducatrice Sp\u00e9cialis\u00e9e. <\/span><\/span><\/p>\n<p align=\"JUSTIFY\"><span style=\"font-family: Times New Roman, serif;\"><span style=\"font-size: medium;\"><b>Emmanuelle Ourtiga<\/b> , Animatrice en \u00e9ducation populaire, Enseignante de Yoga (au sein de l&rsquo;association \u00ab\u00a0Souffle et S\u00e8me), form\u00e9e en Communication Non Violente, <span style=\"color: #000000;\">Dipl\u00f4me de <\/span><span style=\"color: #000000;\">Conseill\u00e8re en \u00e9conomie sociale et familiale.<\/span><\/span><\/span><\/p>\n<p align=\"JUSTIFY\">\u00a0<\/p>","protected":false},"excerpt":{"rendered":"<p>Stage : communication consciente et bienveillante 14 &amp; 15 mai 2022 &#8211; aux alentours de Questembert (56) Il s&rsquo;agit d&rsquo;aborder les notions de la communication bienveillante, exp\u00e9rimenter une posture, se familiariser avec un processus d&rsquo;\u00e9change et de relation. Proposition pour le week-end : Le stage alliera mise en pratique d\u2019exercices interactifs et de partage en &hellip; <\/p>\n<p class=\"link-more\"><a href=\"https:\/\/assolaima.fr\/index.php\/communication-consciente\/\" class=\"more-link\">Continuer la lecture<span class=\"screen-reader-text\"> de &laquo;&nbsp;Communication Consciente&nbsp;&raquo;<\/span><\/a><\/p>\n","protected":false},"author":1,"featured_media":0,"parent":0,"menu_order":0,"comment_status":"closed","ping_status":"closed","template":"","meta":[],"_links":{"self":[{"href":"https:\/\/assolaima.fr\/index.php\/wp-json\/wp\/v2\/pages\/60"}],"collection":[{"href":"https:\/\/assolaima.fr\/index.php\/wp-json\/wp\/v2\/pages"}],"about":[{"href":"https:\/\/assolaima.fr\/index.php\/wp-json\/wp\/v2\/types\/page"}],"author":[{"embeddable":true,"href":"https:\/\/assolaima.fr\/index.php\/wp-json\/wp\/v2\/users\/1"}],"replies":[{"embeddable":true,"href":"https:\/\/assolaima.fr\/index.php\/wp-json\/wp\/v2\/comments?post=60"}],"version-history":[{"count":17,"href":"https:\/\/assolaima.fr\/index.php\/wp-json\/wp\/v2\/pages\/60\/revisions"}],"predecessor-version":[{"id":601,"href":"https:\/\/assolaima.fr\/index.php\/wp-json\/wp\/v2\/pages\/60\/revisions\/601"}],"wp:attachment":[{"href":"https:\/\/assolaima.fr\/index.php\/wp-json\/wp\/v2\/media?parent=60"}],"curies":[{"name":"wp","href":"https:\/\/api.w.org\/{rel}","templated":true}]}}