{"id":538,"date":"2021-11-12T01:37:52","date_gmt":"2021-11-12T00:37:52","guid":{"rendered":"https:\/\/assolaima.fr\/?page_id=538"},"modified":"2023-05-03T13:01:50","modified_gmt":"2023-05-03T11:01:50","slug":"cycle-dateliers-relation-a-soi","status":"publish","type":"page","link":"https:\/\/assolaima.fr\/index.php\/cycle-dateliers-relation-a-soi\/","title":{"rendered":"Cycle d&rsquo;ateliers : Relation \u00e0 soi"},"content":{"rendered":"\n<p class=\"has-text-align-center has-text-color has-huge-font-size\" style=\"color:#529d07\"><strong>CYCLE : Relation \u00e0 soi <\/strong><br><strong>&#8211; 4 ateliers sur un mois &#8211; <\/strong><\/p>\n\n\n\n<p class=\"has-text-align-center has-vivid-green-cyan-color has-text-color has-large-font-size\"><strong>PROCHAIN MAI\/JUIN 2023<\/strong> &#8211; Mercredis en soir\u00e9e<\/p>\n\n\n\n<div class=\"wp-block-cover aligncenter has-background-dim has-custom-content-position is-position-top-center\"><img loading=\"lazy\" width=\"1024\" height=\"768\" class=\"wp-block-cover__image-background wp-image-430\" alt=\"\" src=\"http:\/\/assolaima.fr\/wp-content\/uploads\/2021\/09\/DSC01374-1024x768.jpg\" data-object-fit=\"cover\" srcset=\"https:\/\/assolaima.fr\/wp-content\/uploads\/2021\/09\/DSC01374-1024x768.jpg 1024w, https:\/\/assolaima.fr\/wp-content\/uploads\/2021\/09\/DSC01374-300x225.jpg 300w, https:\/\/assolaima.fr\/wp-content\/uploads\/2021\/09\/DSC01374-768x576.jpg 768w, https:\/\/assolaima.fr\/wp-content\/uploads\/2021\/09\/DSC01374-1536x1152.jpg 1536w, https:\/\/assolaima.fr\/wp-content\/uploads\/2021\/09\/DSC01374-2048x1536.jpg 2048w\" sizes=\"(max-width: 767px) 89vw, (max-width: 1000px) 54vw, (max-width: 1071px) 543px, 580px\" \/><div class=\"wp-block-cover__inner-container\">\n<p class=\"has-text-align-center has-text-color has-large-font-size\" style=\"color:#619504\"><br><strong>Une rencontre \u00e0 soi \u2013 Des temps pour soi<\/strong><br>pour mieux se conna\u00eetre, se comprendre et s\u2019accueillir au fil des s\u00e9ances \u2026<\/p>\n<\/div><\/div>\n\n\n\n<div class=\"wp-block-group\"><div class=\"wp-block-group__inner-container\">\n<p><span style=\"font-family: Liberation Serif, serif;\"><span style=\"font-size: medium;\"><b> <\/b><\/span><\/span><\/p>\n\n\n\n<div class=\"wp-block-group\"><div class=\"wp-block-group__inner-container\">\n<div class=\"wp-block-group\"><div class=\"wp-block-group__inner-container\">\n<div class=\"wp-block-group\"><div class=\"wp-block-group__inner-container\">\n<p class=\"has-normal-font-size\"><span style=\"font-family: Liberation Serif, serif;\"><span style=\"font-size: medium;\">La m\u00e9sestime de soi, nous enferme dans nos \u00e9checs, nos d\u00e9fauts, en nous comparant \u00e0 l\u2019autre et \u00e0 travers nos propres jugements. <\/span><\/span><\/p>\n\n\n\n<p class=\"has-normal-font-size\"><span style=\"font-family: Liberation Serif, serif;\"><span style=\"font-size: medium;\">Une d\u00e9valorisation qui nous g\u00eane parfois pour vivre pleinement nos relations familiales, amicales, sociales, de travail, \u2026 <\/span><\/span><\/p>\n\n\n\n<p><span style=\"font-family: Liberation Serif, serif;\"><span style=\"font-size: medium;\">Nous vivons avec nos peurs, nos pr\u00e9jug\u00e9s, nos croyances et souhaitons exister en accord avec nous m\u00eame et les autres. <\/span><\/span><\/p>\n\n\n\n<div class=\"wp-block-group\"><div class=\"wp-block-group__inner-container\">\n<div class=\"wp-block-group\"><div class=\"wp-block-group__inner-container\">\n<div class=\"wp-block-group\"><div class=\"wp-block-group__inner-container\">\n<p><span style=\"font-family: Liberation Serif, serif;\"><span style=\"font-size: medium;\">Nous id\u00e9alisons la confiance en soi et la rendons inaccessible. <\/span><\/span><\/p>\n\n\n\n<p><span style=\"font-family: Liberation Serif, serif;\"><span style=\"font-size: medium;\">Comment se sentir mieux et agir pour le bien de son entourage et de son environnement, de sa communaut\u00e9 plus ou moins proche\u2026&nbsp;? <\/span><\/span><\/p>\n\n\n\n<p class=\"has-normal-font-size\"><span style=\"font-family: Liberation Serif, serif;\"><span style=\"font-size: medium;\">\u00c0 travers ces ateliers sur&nbsp;: <b>La Relation \u00e0 soi,<\/b> il s\u2019agit de proposer, sur des soir\u00e9es pendant plus d\u2019un mois, un espace pour soi, un espace d\u2019\u00e9change, de ressourcement et d\u2019exp\u00e9rimentation.<\/span><\/span><\/p>\n\n\n\n<p style=\"font-size:14px\">Observer ce qui rel\u00e8ve de \u00ab\u00a0notre manque de confiance\u00a0\u00bb et\/ou des m\u00e9canismes de dominations ancr\u00e9s,<br>Accorder une place \u00e0 nos vuln\u00e9rabilit\u00e9s et cr\u00e9er une s\u00e9curit\u00e9 int\u00e9rieure pour les accueillir, et se d\u00e9tendre<\/p>\n\n\n\n<p><span style=\"font-family: Liberation Serif, serif;\"><span style=\"font-size: medium;\">Les ateliers nous am\u00e8ne \u00e0 nous positionner et \u00e0 agir dans sa vie, au plus juste pour soi, nos proches et les cercles plus larges (les autres, famille, amiti\u00e9, travail, voisin.es, engagements, collectif &#8230;)<\/span><\/span><\/p>\n\n\n\n<p><span style=\"font-family: Liberation Serif, serif;\"><span style=\"font-size: medium;\">S\u2019autoriser un temps pour <b>voyager \u00e0 l\u2019int\u00e9rieur de soi<\/b>,<b> un espace de d\u00e9tente<\/b>, <b>de ressource et de cr\u00e9ativit\u00e9<\/b> \u00e0 aller d\u00e9couvrir, une Relation \u00e0 soi \u00e0 \u00e9tablir avec douceur et en explorant nos diff\u00e9rentes formes de pens\u00e9es, le lien avec le corps et les \u00e9motions. <\/span><\/span><\/p>\n\n\n\n<p><span style=\"font-family: Liberation Serif, serif;\"><span style=\"font-size: medium;\"><b>Ces ateliers nous am\u00e8nerons dans un espace d\u2019authenticit\u00e9 et d\u2019exp\u00e9rimentation pour (r\u00e9)apprendre \u00e0 s\u2019aimer, \u00e0 avoir une meilleure perception de nous m\u00eame et r\u00e9tablir confiance en soi, en lien avec les autres et le vivant \u2013 et avoir l\u2019\u00e9nergie d\u2019agir. <\/b><\/span><\/span><\/p>\n<\/div><\/div>\n<\/div><\/div>\n<\/div><\/div>\n<\/div><\/div>\n\n\n\n<p class=\"has-normal-font-size\"><br><span style=\"font-family: Liberation Serif, serif;\"><span style=\"font-size: medium;\"><b>La Relation \u00e0 soi<\/b>, pour : <\/span><\/span><br><br><span style=\"font-family: Liberation Serif, serif;\"><span style=\"font-size: medium;\">&#8211; avoir un regard bienveillant sur soi,<\/span><\/span><br>&#8211; cr\u00e9er une s\u00e9curit\u00e9 int\u00e9rieure<br><span style=\"font-family: Liberation Serif, serif;\"><span style=\"font-size: medium;\">&#8211; favoriser l&rsquo;accueil de soi, <\/span><\/span><br>&#8211; susciter la confiance en soi,<br><span style=\"font-family: Liberation Serif, serif;\"><span style=\"font-size: medium;\">&#8211; rechercher l\u2019harmonie et l\u2019\u00e9quilibre dans le quotidien,<\/span><\/span><br><span style=\"font-family: Liberation Serif, serif;\"><span style=\"font-size: medium;\">&#8211; agir en pleine conscience, en lien avec l\u2019Autre et son environnement,<\/span><\/span><br><span style=\"font-family: Liberation Serif, serif;\"><span style=\"font-size: medium;\">&#8211; ressentir le vivant en soi. <\/span><\/span><\/p>\n\n\n\n<p><br><span style=\"font-family: Liberation Serif, serif;\"><span style=\"font-size: medium;\">Par la&nbsp;: <\/span><\/span><\/p>\n\n\n\n<p><span style=\"font-family: Liberation Serif, serif;\"><span style=\"font-size: medium;\"><b>Sophrologie<\/b> est une technique psycho-corporelle d\u2019harmonisation du corps et de l\u2019esprit. Elle vise \u00e0 favoriser l\u2019\u00e9mergence de vos capacit\u00e9s gr\u00e2ce \u00e0 la pratique d\u2019exercices de respiration, \u00e0 la d\u00e9contraction musculaire et \u00e0 la visualisation.<\/span><\/span><\/p>\n\n\n\n<p class=\"has-normal-font-size\"><span style=\"font-family: Liberation Serif, serif;\"><span style=\"font-size: medium;\"><b>Communication bienveillante<\/b> pour \u00eatre pleinement conscient.e et amener de la clart\u00e9 de vos perceptions, accueillir vos \u00e9motions, nous relier \u00e0 nos \u00e9lans de vie \u2026<\/span><\/span>et poser ses limites.<\/p>\n\n\n\n<p style=\"font-size:14px\"><span style=\"font-family: Liberation Serif, serif;\"><span style=\"font-size: medium;\"><b>M\u00e9ditation et la pleine conscience<\/b> pour cr\u00e9er de l\u2019espace, exp\u00e9rimenter un nouveau regard, de nouvelles pratiques dans votre quotidien<\/span><\/span> et exp\u00e9rimenter l&rsquo;instant pr\u00e9sence<\/p>\n\n\n\n<p><span style=\"color: #000000;\"><span style=\"font-family: Liberation Serif, serif;\"><span style=\"font-size: medium;\">Ateliers compos\u00e9s de temps d\u2019\u00e9changes, de m\u00e9ditation, de relaxation, d&rsquo;exercices corporels, de visualisation et de cr\u00e9ativit\u00e9<\/span><\/span><\/span><br> <span style=\"font-family: Liberation Serif, serif;\"><span style=\"font-size: medium;\">et ce dans un espace conviviale, de d\u00e9tente et de simplicit\u00e9.<\/span><\/span><br><\/p>\n\n\n\n<p><span style=\"font-family: Liberation Serif, serif;\"><span style=\"font-size: medium;\"><b><a href=\"https:\/\/assolaima.fr\/index.php\/dates-lieux-et-tarifs\/\" target=\"_blank\" rel=\"noreferrer noopener\"><strong>Dates , lieux et tarifs<\/strong><\/a><\/b><\/span><\/span><\/p>\n\n\n\n<p><br><em><strong>Si \u00e9lan de recevoir cette proposition, modulable, dans un autre lieu, un autre territoire, parlons-en&nbsp;!<\/strong><\/em><\/p>\n\n\n\n<p class=\"has-normal-font-size\"><br>Les ateliers sont anim\u00e9s par <a href=\"https:\/\/assolaima.fr\/index.php\/a-propos-de\/intervenantes\/\" target=\"_blank\" rel=\"noreferrer noopener\">Lili Courbon<\/a><br>Sophrologue et Animatrice &#8211; Intervenante en Communication Consciente<br>Form\u00e9e en Communication Non Violente, Initi\u00e9e \u00e0 la M\u00e9ditation de Pleine Conscience (MBSR), D.E. \u00c9ducatrice Sp\u00e9cialis\u00e9e.<span style=\"font-family: Liberation Serif, serif;\"><\/span><\/p>\n\n\n\n<p><span style=\"font-family: Times New Roman, serif;\"><span style=\"font-size: medium;\"><u><b>Contact <\/b><\/u>: lilicourbon.laima@gmail.com &#8211; 06.49.74.78.53<br><\/span><\/span><img loading=\"lazy\" width=\"225\" height=\"225\" class=\"wp-image-592\" style=\"width: 50px;\" src=\"http:\/\/assolaima.fr\/wp-content\/uploads\/2022\/03\/Logo-LBGT-Friendly.png\" alt=\"LBGT Friendly\" srcset=\"https:\/\/assolaima.fr\/wp-content\/uploads\/2022\/03\/Logo-LBGT-Friendly.png 225w, https:\/\/assolaima.fr\/wp-content\/uploads\/2022\/03\/Logo-LBGT-Friendly-150x150.png 150w, https:\/\/assolaima.fr\/wp-content\/uploads\/2022\/03\/Logo-LBGT-Friendly-100x100.png 100w\" sizes=\"(max-width: 225px) 100vw, 225px\" \/><\/p>\n<\/div><\/div>\n\n\n\n<p><strong><a href=\"https:\/\/assolaima.fr\/index.php\/temoignages-participant-es\/\" target=\"_blank\" rel=\"noreferrer noopener\">T\u00e9moignages de participant.es<\/a><\/strong><\/p>\n<\/div><\/div>\n<\/div><\/div>\n\n\n\n<div class=\"wp-block-image is-style-rounded\"><figure class=\"aligncenter size-medium\"><img loading=\"lazy\" width=\"225\" height=\"300\" src=\"https:\/\/assolaima.fr\/wp-content\/uploads\/2021\/08\/DSC05907-225x300.jpg\" alt=\"\" class=\"wp-image-400\" srcset=\"https:\/\/assolaima.fr\/wp-content\/uploads\/2021\/08\/DSC05907-225x300.jpg 225w, https:\/\/assolaima.fr\/wp-content\/uploads\/2021\/08\/DSC05907-768x1024.jpg 768w, https:\/\/assolaima.fr\/wp-content\/uploads\/2021\/08\/DSC05907-1152x1536.jpg 1152w, https:\/\/assolaima.fr\/wp-content\/uploads\/2021\/08\/DSC05907-1536x2048.jpg 1536w, https:\/\/assolaima.fr\/wp-content\/uploads\/2021\/08\/DSC05907-scaled.jpg 1920w\" sizes=\"(max-width: 225px) 100vw, 225px\" \/><\/figure><\/div>\n","protected":false},"excerpt":{"rendered":"<p>CYCLE : Relation \u00e0 soi &#8211; 4 ateliers sur un mois &#8211; PROCHAIN MAI\/JUIN 2023 &#8211; Mercredis en soir\u00e9e La m\u00e9sestime de soi, nous enferme dans nos \u00e9checs, nos d\u00e9fauts, en nous comparant \u00e0 l\u2019autre et \u00e0 travers nos propres jugements. Une d\u00e9valorisation qui nous g\u00eane parfois pour vivre pleinement nos relations familiales, amicales, sociales, &hellip; <\/p>\n<p class=\"link-more\"><a href=\"https:\/\/assolaima.fr\/index.php\/cycle-dateliers-relation-a-soi\/\" class=\"more-link\">Continuer la lecture<span class=\"screen-reader-text\"> de &laquo;&nbsp;Cycle d&rsquo;ateliers : Relation \u00e0 soi&nbsp;&raquo;<\/span><\/a><\/p>\n","protected":false},"author":1,"featured_media":0,"parent":0,"menu_order":0,"comment_status":"closed","ping_status":"closed","template":"","meta":[],"_links":{"self":[{"href":"https:\/\/assolaima.fr\/index.php\/wp-json\/wp\/v2\/pages\/538"}],"collection":[{"href":"https:\/\/assolaima.fr\/index.php\/wp-json\/wp\/v2\/pages"}],"about":[{"href":"https:\/\/assolaima.fr\/index.php\/wp-json\/wp\/v2\/types\/page"}],"author":[{"embeddable":true,"href":"https:\/\/assolaima.fr\/index.php\/wp-json\/wp\/v2\/users\/1"}],"replies":[{"embeddable":true,"href":"https:\/\/assolaima.fr\/index.php\/wp-json\/wp\/v2\/comments?post=538"}],"version-history":[{"count":5,"href":"https:\/\/assolaima.fr\/index.php\/wp-json\/wp\/v2\/pages\/538\/revisions"}],"predecessor-version":[{"id":819,"href":"https:\/\/assolaima.fr\/index.php\/wp-json\/wp\/v2\/pages\/538\/revisions\/819"}],"wp:attachment":[{"href":"https:\/\/assolaima.fr\/index.php\/wp-json\/wp\/v2\/media?parent=538"}],"curies":[{"name":"wp","href":"https:\/\/api.w.org\/{rel}","templated":true}]}}