{"id":521,"date":"2021-11-12T00:58:00","date_gmt":"2021-11-11T23:58:00","guid":{"rendered":"https:\/\/assolaima.fr\/?page_id=521"},"modified":"2022-06-16T17:08:16","modified_gmt":"2022-06-16T15:08:16","slug":"dates-lieux-et-tarifs-2","status":"publish","type":"page","link":"https:\/\/assolaima.fr\/index.php\/dates-lieux-et-tarifs-2\/","title":{"rendered":"Dates, lieux et tarifs"},"content":{"rendered":"\n<p>Formation : \u00a0\u00bb <strong>Communiquer en conscience ensemble \u00ab\u00a0<\/strong> est en partenariat avec l&rsquo;association<strong> <a href=\"http:\/\/www.association-la-marmite.fr\/\">La Marmite<\/a><\/strong>, organisme de formation de la communaut\u00e9 de communes de Questembert.<br><br>Les locaux de La Marmite se situe \u00e0 La Vraie \u2013 Croix , Domaine de Bob\u00e9hec.<br><br>Le cycle se d\u00e9roule entre 1 \u00e0 2 fois par an, sur <strong>6 modules de 3h30<\/strong> &#8211; <strong>les jeudis soir, de 18h30 \u00e0 22h<\/strong>, toutes les 2\/3 semaines, selon le calendrier.<\/p>\n\n\n\n<p><strong>2022 : <\/strong><br><br>&#8211; 24 mars \/ 7 &amp; 28 avril \/ 12 mai \/ 9 et 23 juin 2022<\/p>\n\n\n\n<p>&#8211; 6 &amp; 20 octobre \/ 10 &amp; 24 novembre \/ 1 &amp; 15 d\u00e9cembre<\/p>\n\n\n\n<p><br><br><strong>Tarifs : <\/strong><br><br>Financement possible par les OPCO (seulement pour VIVEA 2022)<br><br>ou \u00e0 partir de 240\u20ac &#8211; tarif ajustable selon le groupe et le budget &#8211; participer au del\u00e0 permet de proposer une tarification solidaire pour les petits budgets. <br><br><\/p>\n","protected":false},"excerpt":{"rendered":"<p>Formation : \u00a0\u00bb Communiquer en conscience ensemble \u00ab\u00a0 est en partenariat avec l&rsquo;association La Marmite, organisme de formation de la communaut\u00e9 de communes de Questembert. Les locaux de La Marmite se situe \u00e0 La Vraie \u2013 Croix , Domaine de Bob\u00e9hec. Le cycle se d\u00e9roule entre 1 \u00e0 2 fois par an, sur 6 modules &hellip; <\/p>\n<p class=\"link-more\"><a href=\"https:\/\/assolaima.fr\/index.php\/dates-lieux-et-tarifs-2\/\" class=\"more-link\">Continuer la lecture<span class=\"screen-reader-text\"> de &laquo;&nbsp;Dates, lieux et tarifs&nbsp;&raquo;<\/span><\/a><\/p>\n","protected":false},"author":1,"featured_media":0,"parent":0,"menu_order":0,"comment_status":"closed","ping_status":"closed","template":"","meta":[],"_links":{"self":[{"href":"https:\/\/assolaima.fr\/index.php\/wp-json\/wp\/v2\/pages\/521"}],"collection":[{"href":"https:\/\/assolaima.fr\/index.php\/wp-json\/wp\/v2\/pages"}],"about":[{"href":"https:\/\/assolaima.fr\/index.php\/wp-json\/wp\/v2\/types\/page"}],"author":[{"embeddable":true,"href":"https:\/\/assolaima.fr\/index.php\/wp-json\/wp\/v2\/users\/1"}],"replies":[{"embeddable":true,"href":"https:\/\/assolaima.fr\/index.php\/wp-json\/wp\/v2\/comments?post=521"}],"version-history":[{"count":6,"href":"https:\/\/assolaima.fr\/index.php\/wp-json\/wp\/v2\/pages\/521\/revisions"}],"predecessor-version":[{"id":688,"href":"https:\/\/assolaima.fr\/index.php\/wp-json\/wp\/v2\/pages\/521\/revisions\/688"}],"wp:attachment":[{"href":"https:\/\/assolaima.fr\/index.php\/wp-json\/wp\/v2\/media?parent=521"}],"curies":[{"name":"wp","href":"https:\/\/api.w.org\/{rel}","templated":true}]}}