{"id":485,"date":"2021-11-11T18:35:28","date_gmt":"2021-11-11T17:35:28","guid":{"rendered":"https:\/\/assolaima.fr\/?page_id=485"},"modified":"2023-01-27T19:19:08","modified_gmt":"2023-01-27T18:19:08","slug":"reseau-allie-es","status":"publish","type":"page","link":"https:\/\/assolaima.fr\/index.php\/reseau-allie-es\/","title":{"rendered":"R\u00e9seau &#8211; Alli\u00e9.es"},"content":{"rendered":"\n<div class=\"wp-block-media-text alignwide is-stacked-on-mobile\" style=\"grid-template-columns:27% auto\"><figure class=\"wp-block-media-text__media\"><img loading=\"lazy\" width=\"371\" height=\"350\" src=\"http:\/\/assolaima.fr\/wp-content\/uploads\/2021\/11\/Marmite.logo_.jpg\" alt=\"\" class=\"wp-image-463 size-full\" srcset=\"https:\/\/assolaima.fr\/wp-content\/uploads\/2021\/11\/Marmite.logo_.jpg 371w, https:\/\/assolaima.fr\/wp-content\/uploads\/2021\/11\/Marmite.logo_-300x283.jpg 300w\" sizes=\"(max-width: 371px) 100vw, 371px\" \/><\/figure><div class=\"wp-block-media-text__content\">\n<p class=\"has-normal-font-size\"><br><a href=\"http:\/\/www.association-la-marmite.fr\/\" target=\"_blank\" rel=\"noreferrer noopener\">LA MARMITE<\/a><br><br>Centre d&rsquo;\u00e9change et de ressources<\/p>\n\n\n\n<p>Association pour le soutien et l\u2019accompagnement de porteur\/ses de projets pour le d\u00e9veloppement d\u2019activit\u00e9s \u00e9conomiques innovantes en milieu rural, dans le respect de l\u2019environnement naturel et humain. Un r\u00e9seau d&rsquo;entraide en milieu rural<br><br><a href=\"http:\/\/www.association-la-marmite.fr\/\">http:\/\/www.association-la-marmite.fr\/<\/a><br><\/p>\n<\/div><\/div>\n\n\n\n<div class=\"wp-block-media-text alignwide is-stacked-on-mobile\" style=\"grid-template-columns:27% auto\"><figure class=\"wp-block-media-text__media\"><img loading=\"lazy\" width=\"200\" height=\"200\" src=\"http:\/\/assolaima.fr\/wp-content\/uploads\/2021\/11\/logo-SS.jpg\" alt=\"\" class=\"wp-image-464 size-full\" srcset=\"https:\/\/assolaima.fr\/wp-content\/uploads\/2021\/11\/logo-SS.jpg 200w, https:\/\/assolaima.fr\/wp-content\/uploads\/2021\/11\/logo-SS-150x150.jpg 150w, https:\/\/assolaima.fr\/wp-content\/uploads\/2021\/11\/logo-SS-100x100.jpg 100w\" sizes=\"(max-width: 200px) 100vw, 200px\" \/><\/figure><div class=\"wp-block-media-text__content\">\n<p><a rel=\"noreferrer noopener\" href=\"https:\/\/www.facebook.com\/profile.php?id=100019141780789\" target=\"_blank\">SOUFFLE ET S\u00c8ME<\/a><br><\/p>\n<\/div><\/div>\n\n\n\n<div class=\"wp-block-media-text alignwide is-stacked-on-mobile\" style=\"grid-template-columns:45% auto\"><figure class=\"wp-block-media-text__media\"><img loading=\"lazy\" width=\"1024\" height=\"165\" src=\"http:\/\/assolaima.fr\/wp-content\/uploads\/2021\/11\/bg-EVEIL_bandeau_haut-1024x165.jpg\" alt=\"\" class=\"wp-image-465 size-full\" srcset=\"https:\/\/assolaima.fr\/wp-content\/uploads\/2021\/11\/bg-EVEIL_bandeau_haut-1024x165.jpg 1024w, https:\/\/assolaima.fr\/wp-content\/uploads\/2021\/11\/bg-EVEIL_bandeau_haut-300x48.jpg 300w, https:\/\/assolaima.fr\/wp-content\/uploads\/2021\/11\/bg-EVEIL_bandeau_haut-768x124.jpg 768w, https:\/\/assolaima.fr\/wp-content\/uploads\/2021\/11\/bg-EVEIL_bandeau_haut.jpg 1181w\" sizes=\"(max-width: 767px) 89vw, (max-width: 1000px) 54vw, (max-width: 1071px) 543px, 580px\" \/><\/figure><div class=\"wp-block-media-text__content\">\n<p class=\"has-normal-font-size\"><a rel=\"noreferrer noopener\" href=\"http:\/\/eveilcentresocial.org\/\" target=\"_blank\">LE CENTRE SOCIAL : \u00c9VEIL <\/a><br><br>Association intercommunale qui propose sur les communes de Caden, Limerzel, Malansac, Pluherlin, Rochefort en Terre et Saint Grav\u00e9 ; des activit\u00e9s et services visant \u00e0 am\u00e9liorer la vie quotidienne des habitants.<br><br><\/p>\n<\/div><\/div>\n\n\n\n<div class=\"wp-block-media-text alignwide is-stacked-on-mobile\" style=\"grid-template-columns:28% auto\"><figure class=\"wp-block-media-text__media\"><img loading=\"lazy\" width=\"500\" height=\"500\" src=\"http:\/\/assolaima.fr\/wp-content\/uploads\/2022\/06\/Ferme-ludique.GLAZIG.png\" alt=\"\" class=\"wp-image-697 size-full\" srcset=\"https:\/\/assolaima.fr\/wp-content\/uploads\/2022\/06\/Ferme-ludique.GLAZIG.png 500w, https:\/\/assolaima.fr\/wp-content\/uploads\/2022\/06\/Ferme-ludique.GLAZIG-300x300.png 300w, https:\/\/assolaima.fr\/wp-content\/uploads\/2022\/06\/Ferme-ludique.GLAZIG-150x150.png 150w, https:\/\/assolaima.fr\/wp-content\/uploads\/2022\/06\/Ferme-ludique.GLAZIG-100x100.png 100w\" sizes=\"(max-width: 500px) 100vw, 500px\" \/><\/figure><div class=\"wp-block-media-text__content\">\n<p class=\"has-normal-font-size\"><a rel=\"noreferrer noopener\" href=\"https:\/\/www.facebook.com\/Glazig56\" target=\"_blank\">Glazig<\/a> est une ferme atypique et ludique &#8211; \u00e0 Malansac (56)<br><br><\/p>\n<\/div><\/div>\n\n\n\n<div class=\"wp-block-media-text alignwide is-stacked-on-mobile\" style=\"grid-template-columns:27% auto\"><figure class=\"wp-block-media-text__media\"><img loading=\"lazy\" width=\"565\" height=\"477\" src=\"http:\/\/assolaima.fr\/wp-content\/uploads\/2021\/11\/lECLATE.png\" alt=\"\" class=\"wp-image-487 size-full\" srcset=\"https:\/\/assolaima.fr\/wp-content\/uploads\/2021\/11\/lECLATE.png 565w, https:\/\/assolaima.fr\/wp-content\/uploads\/2021\/11\/lECLATE-300x253.png 300w\" sizes=\"(max-width: 565px) 100vw, 565px\" \/><\/figure><div class=\"wp-block-media-text__content\">\n<p><a href=\"https:\/\/www.leclate.fr\/\" target=\"_blank\" rel=\"noreferrer noopener\">L&rsquo;\u00c9CLATE<\/a><br><br>Un laboratoire qui con\u00e7oit des outils p\u00e9dagogiques pour mieux \u00e9changer, communiquer et collaborer<\/p>\n\n\n\n<p>Un espace associatif color\u00e9 qui r\u00e9unit des animatrices-facilitatrices engag\u00e9es et cr\u00e9atives pour vous accompagner<br><br><\/p>\n<\/div><\/div>\n\n\n\n<div class=\"wp-block-media-text alignwide is-stacked-on-mobile\" style=\"grid-template-columns:33% auto\"><figure class=\"wp-block-media-text__media\"><img loading=\"lazy\" width=\"227\" height=\"125\" src=\"http:\/\/assolaima.fr\/wp-content\/uploads\/2021\/11\/Logo-PoleESS-PaysdeVannes.png\" alt=\"\" class=\"wp-image-486 size-full\"\/><\/figure><div class=\"wp-block-media-text__content\">\n<p><a rel=\"noreferrer noopener\" href=\"http:\/\/P\u00d4LE ESS - Pays de Vannes  Entreprendre&nbsp;&amp; innover ensemble  Nous sommes un r\u00e9seau compos\u00e9 d\u2019acteurs et d\u2019entrepreneurs de l\u2019ESS du Pays de Vannes qui d\u00e9veloppent un mod\u00e8le social et \u00e9conomique o\u00f9 l\u2019humain est au c\u0153ur des projets et o\u00f9 la solidarit\u00e9, l\u2019\u00e9galit\u00e9 et la d\u00e9mocratie sont des valeurs fondamentales  https:\/\/www.pole-ess-paysdevannes.fr\/\" target=\"_blank\">P\u00d4LE ESS &#8211; Pays de Vannes<\/a><br><br>Entreprendre&nbsp;&amp; innover ensemble<br><br>Nous sommes un r\u00e9seau compos\u00e9 d\u2019acteurs et d\u2019entrepreneurs de l\u2019ESS du Pays de Vannes qui d\u00e9veloppent un mod\u00e8le social et \u00e9conomique o\u00f9 l\u2019humain est au c\u0153ur des projets et o\u00f9 la solidarit\u00e9, l\u2019\u00e9galit\u00e9 et la d\u00e9mocratie sont des valeurs fondamentales<br><\/p>\n<\/div><\/div>\n\n\n\n<div class=\"wp-block-media-text alignwide is-stacked-on-mobile\" style=\"grid-template-columns:34% auto\"><figure class=\"wp-block-media-text__media\"><img loading=\"lazy\" width=\"1024\" height=\"1024\" src=\"https:\/\/assolaima.fr\/wp-content\/uploads\/2022\/04\/logo-parentillages-1024x1024.png\" alt=\"\" class=\"wp-image-657 size-full\" srcset=\"https:\/\/assolaima.fr\/wp-content\/uploads\/2022\/04\/logo-parentillages-1024x1024.png 1024w, https:\/\/assolaima.fr\/wp-content\/uploads\/2022\/04\/logo-parentillages-300x300.png 300w, https:\/\/assolaima.fr\/wp-content\/uploads\/2022\/04\/logo-parentillages-150x150.png 150w, https:\/\/assolaima.fr\/wp-content\/uploads\/2022\/04\/logo-parentillages-768x768.png 768w, https:\/\/assolaima.fr\/wp-content\/uploads\/2022\/04\/logo-parentillages-1536x1536.png 1536w, https:\/\/assolaima.fr\/wp-content\/uploads\/2022\/04\/logo-parentillages-2048x2048.png 2048w, https:\/\/assolaima.fr\/wp-content\/uploads\/2022\/04\/logo-parentillages-100x100.png 100w\" sizes=\"(max-width: 767px) 89vw, (max-width: 1000px) 54vw, (max-width: 1071px) 543px, 580px\" \/><\/figure><div class=\"wp-block-media-text__content\">\n<p><a rel=\"noreferrer noopener\" href=\"https:\/\/www.questembert-communaute.fr\/services\/les-parentillages\/fonctionnement-parentillages\/\" target=\"_blank\">LES PARENTILLAGES<\/a><br><br>La boite \u00e0 outils des parents \u00e0 Questembert<br><br><\/p>\n<\/div><\/div>\n\n\n\n<div class=\"wp-block-media-text alignwide is-stacked-on-mobile\" style=\"grid-template-columns:25% auto\"><figure class=\"wp-block-media-text__media\"><img loading=\"lazy\" width=\"296\" height=\"301\" src=\"http:\/\/assolaima.fr\/wp-content\/uploads\/2021\/11\/logo-Moulin-de-Lancay.png\" alt=\"\" class=\"wp-image-563 size-full\"\/><\/figure><div class=\"wp-block-media-text__content\">\n<p><a href=\"http:\/\/www.moulin-de-lancay.fr\/\" target=\"_blank\" rel=\"noreferrer noopener\">LE MOULIN DE LAN\u00c7AY<\/a><\/p>\n\n\n\n<p>Accueil d&rsquo;activit\u00e9s hebdomadaires et mensuelles \/ concerts &#8211; conf\u00e9rences &#8211; Salle Hestia<br><br>Accueil et Animation autour du Moulin &#8211; et de son environnement<br><br><\/p>\n<\/div><\/div>\n\n\n\n<div class=\"wp-block-media-text alignwide is-stacked-on-mobile\" style=\"grid-template-columns:23% auto\"><figure class=\"wp-block-media-text__media\"><img loading=\"lazy\" width=\"527\" height=\"605\" src=\"https:\/\/assolaima.fr\/wp-content\/uploads\/2022\/06\/Logo-Les-5-Mouvements1.png\" alt=\"\" class=\"wp-image-690 size-full\" srcset=\"https:\/\/assolaima.fr\/wp-content\/uploads\/2022\/06\/Logo-Les-5-Mouvements1.png 527w, https:\/\/assolaima.fr\/wp-content\/uploads\/2022\/06\/Logo-Les-5-Mouvements1-261x300.png 261w\" sizes=\"(max-width: 527px) 100vw, 527px\" \/><\/figure><div class=\"wp-block-media-text__content\">\n<p><a href=\"http:\/\/christellepoulaudshiatsu.com\/\" target=\"_blank\" rel=\"noreferrer noopener\">LES 5 MOUVEMENTS<\/a><\/p>\n\n\n\n<p>Christelle Poulaud &#8211; Praticienne Shiatsu et Animatrice Do In<\/p>\n<\/div><\/div>\n\n\n\n<p><\/p>\n\n\n\n<p><\/p>\n\n\n\n<p><\/p>\n\n\n\n<h1 class=\"has-text-align-center\"><span style=\"color:#280d41\" class=\"has-inline-color\">CES ASSOCIATIONS &#8211; STRUCTURES &#8211; INSTITUTIONS,<\/span><br><span style=\"color:#280d41\" class=\"has-inline-color\"> NOUS ONT FAIT CONFIANCE &#8230;<\/span><\/h1>\n\n\n\n<p><\/p>\n\n\n\n<p><\/p>\n\n\n\n<div class=\"wp-block-media-text alignwide is-stacked-on-mobile\" style=\"grid-template-columns:23% auto\"><figure class=\"wp-block-media-text__media\"><img loading=\"lazy\" width=\"200\" height=\"200\" src=\"http:\/\/assolaima.fr\/wp-content\/uploads\/2023\/01\/274684519_101609305803371_4350271240986107120_n.jpg\" alt=\"\" class=\"wp-image-762 size-full\" srcset=\"https:\/\/assolaima.fr\/wp-content\/uploads\/2023\/01\/274684519_101609305803371_4350271240986107120_n.jpg 200w, https:\/\/assolaima.fr\/wp-content\/uploads\/2023\/01\/274684519_101609305803371_4350271240986107120_n-150x150.jpg 150w, https:\/\/assolaima.fr\/wp-content\/uploads\/2023\/01\/274684519_101609305803371_4350271240986107120_n-100x100.jpg 100w\" sizes=\"(max-width: 200px) 100vw, 200px\" \/><\/figure><div class=\"wp-block-media-text__content\">\n<p class=\"has-normal-font-size\"><a rel=\"noreferrer noopener\" href=\"https:\/\/www.facebook.com\/profile.php?id=100083028235883\" target=\"_blank\">Envol 56<\/a> &#8211; Chantier Insertion <br>MALANSAC (56)<\/p>\n<\/div><\/div>\n\n\n\n<div class=\"wp-block-media-text alignwide is-stacked-on-mobile\" style=\"grid-template-columns:16% auto\"><figure class=\"wp-block-media-text__media\"><img loading=\"lazy\" width=\"44\" height=\"44\" src=\"https:\/\/assolaima.fr\/wp-content\/uploads\/2023\/01\/photo.jpg\" alt=\"\" class=\"wp-image-788 size-full\"\/><\/figure><div class=\"wp-block-media-text__content\">\n<p class=\"has-normal-font-size\">Centre Social \u00c9veil &#8211; Limerzel (56)<\/p>\n<\/div><\/div>\n\n\n\n<div class=\"wp-block-columns\">\n<div class=\"wp-block-column\" style=\"flex-basis:100%\">\n<p class=\"has-medium-font-size\"><span style=\"color:#713d91\" class=\"has-inline-color\"><strong>LA REDONNERIE<\/strong><\/span> &#8211; Ressourcerie \u00e0 Redon (35)<\/p>\n\n\n\n<div class=\"wp-block-media-text alignwide is-stacked-on-mobile\" style=\"grid-template-columns:27% auto\"><figure class=\"wp-block-media-text__media\"><img loading=\"lazy\" width=\"340\" height=\"122\" src=\"http:\/\/assolaima.fr\/wp-content\/uploads\/2023\/01\/LES-LANDES.jpg\" alt=\"\" class=\"wp-image-767 size-full\" srcset=\"https:\/\/assolaima.fr\/wp-content\/uploads\/2023\/01\/LES-LANDES.jpg 340w, https:\/\/assolaima.fr\/wp-content\/uploads\/2023\/01\/LES-LANDES-300x108.jpg 300w\" sizes=\"(max-width: 340px) 100vw, 340px\" \/><\/figure><div class=\"wp-block-media-text__content\">\n<div class=\"wp-block-columns\">\n<div class=\"wp-block-column\" style=\"flex-basis:100%\">\n<div class=\"wp-block-group\"><div class=\"wp-block-group__inner-container\">\n<div class=\"wp-block-columns\">\n<div class=\"wp-block-column\" style=\"flex-basis:100%\">\n<p class=\"has-text-align-left has-normal-font-size\"><a rel=\"noreferrer noopener\" href=\"https:\/\/leslandes.bzh\/\" target=\"_blank\">Les Landes de Monteneuf<\/a> <br>Association d&rsquo;\u00c9ducation et de Pr\u00e9servation de l&rsquo;Environnement en Broc\u00e9liande &#8211; (56)<\/p>\n<\/div>\n<\/div>\n<\/div><\/div>\n<\/div>\n<\/div>\n<\/div><\/div>\n\n\n\n<div class=\"wp-block-media-text alignwide is-stacked-on-mobile\" style=\"grid-template-columns:33% auto\"><figure class=\"wp-block-media-text__media\"><img loading=\"lazy\" width=\"170\" height=\"104\" src=\"https:\/\/assolaima.fr\/wp-content\/uploads\/2023\/01\/logo-confluence.png\" alt=\"\" class=\"wp-image-768 size-full\"\/><\/figure><div class=\"wp-block-media-text__content\">\n<p>Centre Social de Redon (35) &#8211;<a rel=\"noreferrer noopener\" href=\"https:\/\/confluence.asso.fr\/\" target=\"_blank\"> Confluence<\/a><\/p>\n<\/div><\/div>\n\n\n\n<div class=\"wp-block-media-text alignwide is-stacked-on-mobile\" style=\"grid-template-columns:28% auto\"><figure class=\"wp-block-media-text__media\"><img loading=\"lazy\" width=\"627\" height=\"362\" src=\"https:\/\/assolaima.fr\/wp-content\/uploads\/2023\/01\/logo_chorus_10ans.png\" alt=\"\" class=\"wp-image-785 size-full\" srcset=\"https:\/\/assolaima.fr\/wp-content\/uploads\/2023\/01\/logo_chorus_10ans.png 627w, https:\/\/assolaima.fr\/wp-content\/uploads\/2023\/01\/logo_chorus_10ans-300x173.png 300w\" sizes=\"(max-width: 627px) 100vw, 627px\" \/><\/figure><div class=\"wp-block-media-text__content\">\n<p class=\"has-normal-font-size\">Centre Social de Maure-de-Bretagne &#8211; Le Chorus (35)<\/p>\n<\/div><\/div>\n\n\n\n<div class=\"wp-block-media-text alignwide is-stacked-on-mobile\" style=\"grid-template-columns:60% auto\"><figure class=\"wp-block-media-text__media\"><img loading=\"lazy\" width=\"851\" height=\"315\" src=\"https:\/\/assolaima.fr\/wp-content\/uploads\/2023\/01\/asso-Parents-partage.jpg\" alt=\"\" class=\"wp-image-769 size-full\" srcset=\"https:\/\/assolaima.fr\/wp-content\/uploads\/2023\/01\/asso-Parents-partage.jpg 851w, https:\/\/assolaima.fr\/wp-content\/uploads\/2023\/01\/asso-Parents-partage-300x111.jpg 300w, https:\/\/assolaima.fr\/wp-content\/uploads\/2023\/01\/asso-Parents-partage-768x284.jpg 768w\" sizes=\"(max-width: 767px) 89vw, (max-width: 1000px) 54vw, (max-width: 1071px) 543px, 580px\" \/><\/figure><div class=\"wp-block-media-text__content\">\n<p class=\"has-normal-font-size\">Association Parents Partage <br>Le verger (35)<\/p>\n<\/div><\/div>\n<\/div>\n<\/div>\n\n\n\n<div class=\"wp-block-media-text alignwide is-stacked-on-mobile\" style=\"grid-template-columns:26% auto\"><figure class=\"wp-block-media-text__media\"><img loading=\"lazy\" width=\"1024\" height=\"919\" src=\"https:\/\/assolaima.fr\/wp-content\/uploads\/2023\/01\/cropped-Fauteuil-a-ressort-carre-1024x919.png\" alt=\"\" class=\"wp-image-770 size-full\" srcset=\"https:\/\/assolaima.fr\/wp-content\/uploads\/2023\/01\/cropped-Fauteuil-a-ressort-carre-1024x919.png 1024w, https:\/\/assolaima.fr\/wp-content\/uploads\/2023\/01\/cropped-Fauteuil-a-ressort-carre-300x269.png 300w, https:\/\/assolaima.fr\/wp-content\/uploads\/2023\/01\/cropped-Fauteuil-a-ressort-carre-768x690.png 768w, https:\/\/assolaima.fr\/wp-content\/uploads\/2023\/01\/cropped-Fauteuil-a-ressort-carre.png 1509w\" sizes=\"(max-width: 767px) 89vw, (max-width: 1000px) 54vw, (max-width: 1071px) 543px, 580px\" \/><\/figure><div class=\"wp-block-media-text__content\">\n<p class=\"has-normal-font-size\"><a rel=\"noreferrer noopener\" href=\"https:\/\/fauteuilaressort.com\/\" target=\"_blank\">Fauteuil \u00e0 Ressort <\/a><br>Espace de co-working &#8211; Peillac (56)<\/p>\n<\/div><\/div>\n\n\n\n<div class=\"wp-block-media-text alignwide is-stacked-on-mobile\" style=\"grid-template-columns:24% auto\"><figure class=\"wp-block-media-text__media\"><img loading=\"lazy\" width=\"1024\" height=\"1024\" src=\"https:\/\/assolaima.fr\/wp-content\/uploads\/2022\/04\/logo-parentillages-1024x1024.png\" alt=\"\" class=\"wp-image-657 size-full\" srcset=\"https:\/\/assolaima.fr\/wp-content\/uploads\/2022\/04\/logo-parentillages-1024x1024.png 1024w, https:\/\/assolaima.fr\/wp-content\/uploads\/2022\/04\/logo-parentillages-300x300.png 300w, https:\/\/assolaima.fr\/wp-content\/uploads\/2022\/04\/logo-parentillages-150x150.png 150w, https:\/\/assolaima.fr\/wp-content\/uploads\/2022\/04\/logo-parentillages-768x768.png 768w, https:\/\/assolaima.fr\/wp-content\/uploads\/2022\/04\/logo-parentillages-1536x1536.png 1536w, https:\/\/assolaima.fr\/wp-content\/uploads\/2022\/04\/logo-parentillages-2048x2048.png 2048w, https:\/\/assolaima.fr\/wp-content\/uploads\/2022\/04\/logo-parentillages-100x100.png 100w\" sizes=\"(max-width: 767px) 89vw, (max-width: 1000px) 54vw, (max-width: 1071px) 543px, 580px\" \/><\/figure><div class=\"wp-block-media-text__content\">\n<p><a rel=\"noreferrer noopener\" href=\"https:\/\/www.questembert-communaute.fr\/services\/les-parentillages\/fonctionnement-parentillages\/\" target=\"_blank\">LES PARENTILLAGES<\/a><br><br>La boite \u00e0 outils et Maison des parents \u00e0 Questembert (56)<br><br><\/p>\n\n\n\n<p><\/p>\n<\/div><\/div>\n\n\n\n<div class=\"wp-block-image\"><figure class=\"aligncenter size-full is-resized\"><img loading=\"lazy\" src=\"http:\/\/assolaima.fr\/wp-content\/uploads\/2023\/01\/logo-Bretagne.png\" alt=\"\" class=\"wp-image-766\" width=\"165\" height=\"165\" srcset=\"https:\/\/assolaima.fr\/wp-content\/uploads\/2023\/01\/logo-Bretagne.png 225w, https:\/\/assolaima.fr\/wp-content\/uploads\/2023\/01\/logo-Bretagne-150x150.png 150w, https:\/\/assolaima.fr\/wp-content\/uploads\/2023\/01\/logo-Bretagne-100x100.png 100w\" sizes=\"(max-width: 165px) 100vw, 165px\" \/><\/figure><\/div>\n\n\n\n<p><\/p>\n","protected":false},"excerpt":{"rendered":"<p>LA MARMITE Centre d&rsquo;\u00e9change et de ressources Association pour le soutien et l\u2019accompagnement de porteur\/ses de projets pour le d\u00e9veloppement d\u2019activit\u00e9s \u00e9conomiques innovantes en milieu rural, dans le respect de l\u2019environnement naturel et humain. Un r\u00e9seau d&rsquo;entraide en milieu rural http:\/\/www.association-la-marmite.fr\/ SOUFFLE ET S\u00c8ME LE CENTRE SOCIAL : \u00c9VEIL Association intercommunale qui propose sur les &hellip; <\/p>\n<p class=\"link-more\"><a href=\"https:\/\/assolaima.fr\/index.php\/reseau-allie-es\/\" class=\"more-link\">Continuer la lecture<span class=\"screen-reader-text\"> de &laquo;&nbsp;R\u00e9seau &#8211; Alli\u00e9.es&nbsp;&raquo;<\/span><\/a><\/p>\n","protected":false},"author":1,"featured_media":0,"parent":0,"menu_order":0,"comment_status":"closed","ping_status":"closed","template":"","meta":[],"_links":{"self":[{"href":"https:\/\/assolaima.fr\/index.php\/wp-json\/wp\/v2\/pages\/485"}],"collection":[{"href":"https:\/\/assolaima.fr\/index.php\/wp-json\/wp\/v2\/pages"}],"about":[{"href":"https:\/\/assolaima.fr\/index.php\/wp-json\/wp\/v2\/types\/page"}],"author":[{"embeddable":true,"href":"https:\/\/assolaima.fr\/index.php\/wp-json\/wp\/v2\/users\/1"}],"replies":[{"embeddable":true,"href":"https:\/\/assolaima.fr\/index.php\/wp-json\/wp\/v2\/comments?post=485"}],"version-history":[{"count":21,"href":"https:\/\/assolaima.fr\/index.php\/wp-json\/wp\/v2\/pages\/485\/revisions"}],"predecessor-version":[{"id":789,"href":"https:\/\/assolaima.fr\/index.php\/wp-json\/wp\/v2\/pages\/485\/revisions\/789"}],"wp:attachment":[{"href":"https:\/\/assolaima.fr\/index.php\/wp-json\/wp\/v2\/media?parent=485"}],"curies":[{"name":"wp","href":"https:\/\/api.w.org\/{rel}","templated":true}]}}