{"id":479,"date":"2021-11-11T18:14:39","date_gmt":"2021-11-11T17:14:39","guid":{"rendered":"https:\/\/assolaima.fr\/?page_id=479"},"modified":"2022-03-16T16:53:24","modified_gmt":"2022-03-16T15:53:24","slug":"temoignages-participant-es","status":"publish","type":"page","link":"https:\/\/assolaima.fr\/index.php\/temoignages-participant-es\/","title":{"rendered":"T\u00e9moignages participant.es"},"content":{"rendered":"\n<pre class=\"wp-block-verse\"><span style=\"color:#6dab57\" class=\"has-inline-color\"><strong>T\u00e9moignages des participant.es :<\/strong>  <\/span>\n\n<img loading=\"lazy\" width=\"636\" height=\"190\" class=\"wp-image-301\" style=\"width: 1013px;\" src=\"http:\/\/assolaima.fr\/wp-content\/uploads\/2020\/07\/image002.png\" alt=\"\" srcset=\"https:\/\/assolaima.fr\/wp-content\/uploads\/2020\/07\/image002.png 636w, https:\/\/assolaima.fr\/wp-content\/uploads\/2020\/07\/image002-300x90.png 300w\" sizes=\"(max-width: 636px) 100vw, 636px\" \/>\n<\/pre>\n\n\n\n<p>\u00ab\u00a0La rencontre avec soi \u00e9tait bien au rendez-vous de ces 4 soir\u00e9es \u00ab\u00a0atelier: relation \u00e0 soi \u00ab\u00a0.<br>De beaux \u00e9changes, de bienveillance ont accompagn\u00e9s la douce voix de notre h\u00f4te Lili.<br>Merci pour ces bons moments, de ces outils si utiles.<br>Belle balade \u00e0 vous toutes, sur le chemin de la vie. S.G.\u00a0\u00bb  &#8211; Janvier 2020<\/p>\n\n\n\n<p><\/p>\n\n\n\n<p>\u00ab\u00a0une tr\u00e8s belle exp\u00e9rience aupr\u00e8s de Lili lors de l&rsquo;atelier \u00ab\u00a0relation \u00e0 soi\u00a0\u00bb. Gr\u00e2ce\u00a0 \u00e0 son soutien et ses exercices, Je me sens d\u00e9j\u00e0 mieux apr\u00e8s seulement quelques s\u00e9ances, je ressens au fond de moi que j&rsquo;ai pu avancer sur mon chemin.\u00a0 Je ne peux que recommander et la remercier pour sa bienveillance.\u00a0 L.G.\u00a0\u00bb &#8211; Juillet 2020<br><br><\/p>\n\n\n\n<p>\u00ab\u00a0Ici, Rien de dogmatique, moraliste, ou professoral,<br>Juste et simplement,<br>Un moment pour soi,<br>Bienvenu,<br>Qui r\u00e9chauffe et apaise,<br>Quelque soit la saison,<br>Les enseignements, la p\u00e9dagogie, et la synth\u00e8se de ces 4 ateliers,<br>Infusent toujours et pour longtemps en moi.<br>Une lanterne de plus qui \u00e9claire un peu plus mon chemin. <br>Merci.\u00a0\u00bb X.U. &#8211; Octobre 2021<\/p>\n\n\n\n<p><\/p>\n\n\n\n<p>\u00ab\u00a0Gratitude pour cette bulle de douceur qu&rsquo;est l&rsquo;atelier relation \u00e0 soi. Bienveillance de l&rsquo;animatrice. Super accueil. Enrichissement de la pratique de la com non violente et plaisir de la cr\u00e9ativit\u00e9 \u00e0 travers diff\u00e9rents outils. Je recommande \u00e0 ceux et celles qui souhaitent ralentir et s&rsquo;offrir un moment pour soi. Red\u00e9couverte des bienfaits de la sophrologie, super!\u00a0\u00bb M.P.- Octobre 2021<br><\/p>\n\n\n\n<div class=\"wp-block-columns\">\n<div class=\"wp-block-column\" style=\"flex-basis:100%\">\n<figure class=\"wp-block-image size-full\"><img loading=\"lazy\" width=\"116\" height=\"139\" src=\"http:\/\/assolaima.fr\/wp-content\/uploads\/2021\/08\/image-3.png\" alt=\"\" class=\"wp-image-391\"\/><\/figure>\n<\/div>\n<\/div>\n\n\n\n<p><\/p>\n","protected":false},"excerpt":{"rendered":"<p>T\u00e9moignages des participant.es : \u00ab\u00a0La rencontre avec soi \u00e9tait bien au rendez-vous de ces 4 soir\u00e9es \u00ab\u00a0atelier: relation \u00e0 soi \u00ab\u00a0.De beaux \u00e9changes, de bienveillance ont accompagn\u00e9s la douce voix de notre h\u00f4te Lili.Merci pour ces bons moments, de ces outils si utiles.Belle balade \u00e0 vous toutes, sur le chemin de la vie. S.G.\u00a0\u00bb &#8211; &hellip; <\/p>\n<p class=\"link-more\"><a href=\"https:\/\/assolaima.fr\/index.php\/temoignages-participant-es\/\" class=\"more-link\">Continuer la lecture<span class=\"screen-reader-text\"> de &laquo;&nbsp;T\u00e9moignages participant.es&nbsp;&raquo;<\/span><\/a><\/p>\n","protected":false},"author":1,"featured_media":0,"parent":0,"menu_order":0,"comment_status":"closed","ping_status":"closed","template":"","meta":[],"_links":{"self":[{"href":"https:\/\/assolaima.fr\/index.php\/wp-json\/wp\/v2\/pages\/479"}],"collection":[{"href":"https:\/\/assolaima.fr\/index.php\/wp-json\/wp\/v2\/pages"}],"about":[{"href":"https:\/\/assolaima.fr\/index.php\/wp-json\/wp\/v2\/types\/page"}],"author":[{"embeddable":true,"href":"https:\/\/assolaima.fr\/index.php\/wp-json\/wp\/v2\/users\/1"}],"replies":[{"embeddable":true,"href":"https:\/\/assolaima.fr\/index.php\/wp-json\/wp\/v2\/comments?post=479"}],"version-history":[{"count":3,"href":"https:\/\/assolaima.fr\/index.php\/wp-json\/wp\/v2\/pages\/479\/revisions"}],"predecessor-version":[{"id":604,"href":"https:\/\/assolaima.fr\/index.php\/wp-json\/wp\/v2\/pages\/479\/revisions\/604"}],"wp:attachment":[{"href":"https:\/\/assolaima.fr\/index.php\/wp-json\/wp\/v2\/media?parent=479"}],"curies":[{"name":"wp","href":"https:\/\/api.w.org\/{rel}","templated":true}]}}