{"id":454,"date":"2021-11-09T19:27:52","date_gmt":"2021-11-09T18:27:52","guid":{"rendered":"http:\/\/assolaima.fr\/?page_id=454"},"modified":"2021-11-11T19:10:50","modified_gmt":"2021-11-11T18:10:50","slug":"relation-au-vivant","status":"publish","type":"page","link":"https:\/\/assolaima.fr\/index.php\/relation-au-vivant\/","title":{"rendered":"Relation au Vivant"},"content":{"rendered":"\n<p class=\"has-text-align-center has-text-color\" style=\"color:#176a49;font-size:34px\"><strong>\u00c9copsychologie et Sophrologie<\/strong><\/p>\n\n\n\n<p class=\"has-text-align-center\" style=\"font-size:19px\">\u00e0 Questembert (56) &#8211; Moulin de Lan\u00e7ay &#8211; entre Vannes et Redon<br><br>du <strong>Vendredi 4<\/strong> (vers 18h) <strong>au Dimanche 6 MARS 2021<\/strong><br>2\u00e8me session<br><br>Inspir\u00e9 des travaux de : <br>Joanna MA\u00c7Y &#8211; \u00ab\u00a0Le travail qui relie\u00a0\u00bb et <br>STARHAWK &#8211; \u00ab\u00a0R\u00eaver l&rsquo;Obscur \u00a0\u00bb <\/p>\n\n\n\n<p>\u00c9changer autour de l&rsquo;\u00e9tat de notre monde, de la plan\u00e8te, ressentir notre lien avec la nature, avec les autres, avec nous m\u00eame, \u00e0 travers notre corps, nos \u00e9motions et nos pens\u00e9es.<\/p>\n\n\n\n<p>L&rsquo;\u00c9copsychologie, la Sophrologie et le \u00ab&nbsp;comment agir ensemble \u2026&nbsp;\u00bb seront nos portes d\u2019entr\u00e9es.<\/p>\n\n\n\n<p>L\u2019<strong>\u00e9copsychologie <\/strong>vise \u00e0 prendre conscience de notre lien \u00e0 la nature et l\u2019explorer par&nbsp;:<br>&#8211; la relation \u00e0 soi, \u00e0 l\u2019autre, \u00e0 la nature<br>&#8211; une exp\u00e9rimentation \u00ab&nbsp;t\u00eate-c\u0153ur-corps&nbsp;\u00bb<br>&#8211; une immersion en Nature<\/p>\n\n\n\n<p>La<strong> sophrologie<\/strong> est une technique psycho-corporelle d\u2019harmonisation du corps et de l\u2019esprit.<\/p>\n\n\n\n<p><strong>Intentions du stage&nbsp;<\/strong>:<\/p>\n\n\n\n<p>Inviter \u00e0 l\u2019apprentissage de la pr\u00e9sence,<br>Explorer notre lien au vivant,<br>Prendre conscience de notre inter-d\u00e9pendance,<br>Ressentir notre \u00ab Pouvoir du dedans \u00bb,<br>D\u00e9velopper notre r\u00e9silience pour agir collectivement<\/p>\n\n\n\n<p><strong>Processus inter actif <\/strong>: travail sur les sens, les \u00e9motions, cercles de parole, bains de nature, rituels, \u2026<\/p>\n\n\n\n<p><strong>Stage anim\u00e9 par<\/strong> <br>Lili Courbon, Sophrologue \u2013 Animatrice<br>Anne Wallace, Psycho-th\u00e9rapeute &#8211; Sophrologue <\/p>\n\n\n\n<p><strong>Contact<\/strong> pour plus d&rsquo;infos, les tarifs, le d\u00e9roulement, l&rsquo;organisation .. <br>lilicourbon.laima@gmail.com \/ 06.49.74.78.53<\/p>\n\n\n\n<p><strong>Tarifs&nbsp;:<\/strong><br>frais d\u2019inscription&nbsp;: 70 \u20ac + Participation Consciente pour la transmission<\/p>\n\n\n\n<figure class=\"wp-block-image size-large\"><img loading=\"lazy\" width=\"724\" height=\"1024\" src=\"http:\/\/assolaima.fr\/wp-content\/uploads\/2021\/11\/Affiche-\u00c9copsy-et-sophro-page-001-724x1024.jpg\" alt=\"\" class=\"wp-image-457\" srcset=\"https:\/\/assolaima.fr\/wp-content\/uploads\/2021\/11\/Affiche-\u00c9copsy-et-sophro-page-001-724x1024.jpg 724w, https:\/\/assolaima.fr\/wp-content\/uploads\/2021\/11\/Affiche-\u00c9copsy-et-sophro-page-001-212x300.jpg 212w, https:\/\/assolaima.fr\/wp-content\/uploads\/2021\/11\/Affiche-\u00c9copsy-et-sophro-page-001-768x1086.jpg 768w, https:\/\/assolaima.fr\/wp-content\/uploads\/2021\/11\/Affiche-\u00c9copsy-et-sophro-page-001-1086x1536.jpg 1086w, https:\/\/assolaima.fr\/wp-content\/uploads\/2021\/11\/Affiche-\u00c9copsy-et-sophro-page-001-1448x2048.jpg 1448w, https:\/\/assolaima.fr\/wp-content\/uploads\/2021\/11\/Affiche-\u00c9copsy-et-sophro-page-001-scaled.jpg 1810w\" sizes=\"(max-width: 724px) 100vw, 724px\" \/><figcaption>\u00c9copsychologie et Sophrologie &#8211; Le travail qui relie &#8211; La\u00efma<\/figcaption><\/figure>\n\n\n\n<p><\/p>\n","protected":false},"excerpt":{"rendered":"<p>\u00c9copsychologie et Sophrologie \u00e0 Questembert (56) &#8211; Moulin de Lan\u00e7ay &#8211; entre Vannes et Redon du Vendredi 4 (vers 18h) au Dimanche 6 MARS 20212\u00e8me session Inspir\u00e9 des travaux de : Joanna MA\u00c7Y &#8211; \u00ab\u00a0Le travail qui relie\u00a0\u00bb et STARHAWK &#8211; \u00ab\u00a0R\u00eaver l&rsquo;Obscur \u00a0\u00bb \u00c9changer autour de l&rsquo;\u00e9tat de notre monde, de la plan\u00e8te, ressentir &hellip; <\/p>\n<p class=\"link-more\"><a href=\"https:\/\/assolaima.fr\/index.php\/relation-au-vivant\/\" class=\"more-link\">Continuer la lecture<span class=\"screen-reader-text\"> de &laquo;&nbsp;Relation au Vivant&nbsp;&raquo;<\/span><\/a><\/p>\n","protected":false},"author":1,"featured_media":398,"parent":0,"menu_order":0,"comment_status":"closed","ping_status":"closed","template":"","meta":[],"_links":{"self":[{"href":"https:\/\/assolaima.fr\/index.php\/wp-json\/wp\/v2\/pages\/454"}],"collection":[{"href":"https:\/\/assolaima.fr\/index.php\/wp-json\/wp\/v2\/pages"}],"about":[{"href":"https:\/\/assolaima.fr\/index.php\/wp-json\/wp\/v2\/types\/page"}],"author":[{"embeddable":true,"href":"https:\/\/assolaima.fr\/index.php\/wp-json\/wp\/v2\/users\/1"}],"replies":[{"embeddable":true,"href":"https:\/\/assolaima.fr\/index.php\/wp-json\/wp\/v2\/comments?post=454"}],"version-history":[{"count":4,"href":"https:\/\/assolaima.fr\/index.php\/wp-json\/wp\/v2\/pages\/454\/revisions"}],"predecessor-version":[{"id":500,"href":"https:\/\/assolaima.fr\/index.php\/wp-json\/wp\/v2\/pages\/454\/revisions\/500"}],"wp:featuredmedia":[{"embeddable":true,"href":"https:\/\/assolaima.fr\/index.php\/wp-json\/wp\/v2\/media\/398"}],"wp:attachment":[{"href":"https:\/\/assolaima.fr\/index.php\/wp-json\/wp\/v2\/media?parent=454"}],"curies":[{"name":"wp","href":"https:\/\/api.w.org\/{rel}","templated":true}]}}