{"id":419,"date":"2021-08-31T18:37:32","date_gmt":"2021-08-31T16:37:32","guid":{"rendered":"http:\/\/assolaima.fr\/?page_id=419"},"modified":"2026-01-19T10:39:54","modified_gmt":"2026-01-19T09:39:54","slug":"seances-individuelles-accompagnement","status":"publish","type":"page","link":"https:\/\/assolaima.fr\/index.php\/seances-individuelles-accompagnement\/","title":{"rendered":"Accompagnement individuel &#8211; Lili Courbon"},"content":{"rendered":"\n<p>mise \u00e0 jour 6\/01\/2026<\/p>\n\n\n\n<p class=\"has-text-align-center\">LILI COURBON<br>PSYCHOPRATICIENNE : SOPHROLOGIE &#8211; SOMATIC EXPERIENCING\u00ae<\/p>\n\n\n\n<div class=\"wp-block-image\"><figure class=\"aligncenter is-resized\"><img loading=\"lazy\" src=\"https:\/\/assolaima.fr\/wp-content\/uploads\/2021\/12\/IMG_20211207_151833-1-scaled.jpg\" alt=\"\" class=\"wp-image-577\" width=\"113\" height=\"153\" srcset=\"https:\/\/assolaima.fr\/wp-content\/uploads\/2021\/12\/IMG_20211207_151833-1-scaled.jpg 1889w, https:\/\/assolaima.fr\/wp-content\/uploads\/2021\/12\/IMG_20211207_151833-1-221x300.jpg 221w, https:\/\/assolaima.fr\/wp-content\/uploads\/2021\/12\/IMG_20211207_151833-1-755x1024.jpg 755w, https:\/\/assolaima.fr\/wp-content\/uploads\/2021\/12\/IMG_20211207_151833-1-768x1041.jpg 768w, https:\/\/assolaima.fr\/wp-content\/uploads\/2021\/12\/IMG_20211207_151833-1-1133x1536.jpg 1133w, https:\/\/assolaima.fr\/wp-content\/uploads\/2021\/12\/IMG_20211207_151833-1-1511x2048.jpg 1511w\" sizes=\"(max-width: 113px) 100vw, 113px\" \/><\/figure><\/div>\n\n\n\n<p class=\"has-text-align-center has-large-font-size\"><span class=\"has-inline-color has-vivid-purple-color\">SE SENTIR ENTENDU.E &#8211; S&rsquo;\u00c9COUTER EXP\u00c9RIMENTER &#8211; S&rsquo;EXPRIMER<br>RESPIRER &#8211; EXISTER<\/span><br><span class=\"has-inline-color has-vivid-purple-color\">RESSENTIR &#8211; SE LIB\u00c9RER<\/span><\/p>\n\n\n\n<figure class=\"wp-block-image size-large\"><img loading=\"lazy\" width=\"1024\" height=\"768\" src=\"https:\/\/assolaima.fr\/wp-content\/uploads\/2026\/01\/20250911_1739591-1024x768.jpg\" alt=\"\" class=\"wp-image-924\" srcset=\"https:\/\/assolaima.fr\/wp-content\/uploads\/2026\/01\/20250911_1739591-1024x768.jpg 1024w, https:\/\/assolaima.fr\/wp-content\/uploads\/2026\/01\/20250911_1739591-300x225.jpg 300w, https:\/\/assolaima.fr\/wp-content\/uploads\/2026\/01\/20250911_1739591-768x576.jpg 768w, https:\/\/assolaima.fr\/wp-content\/uploads\/2026\/01\/20250911_1739591-1536x1152.jpg 1536w, https:\/\/assolaima.fr\/wp-content\/uploads\/2026\/01\/20250911_1739591-2048x1536.jpg 2048w\" sizes=\"(max-width: 767px) 89vw, (max-width: 1000px) 54vw, (max-width: 1071px) 543px, 580px\" \/><\/figure>\n\n\n\n<p><strong>\u00e0 <a rel=\"noreferrer noopener\" href=\"https:\/\/assolaima.fr\/index.php\/espace-prendre-soin-malansac\/\" target=\"_blank\">L&rsquo;Espace Prendre Soin<\/a> <\/strong>\u00e0 Malansac (56), entre Redon et Questembert &#8211; 1 place des fours \u00e0 pots<br>ou en <strong>visio <\/strong><\/p>\n\n\n\n<h1 class=\"has-text-align-center\"><strong>Accompagnement individuel gr\u00e2ce \u00e0 la <\/strong><br><strong>Sophrologie et la Somatic Experiencing<\/strong>\u00ae.<\/h1>\n\n\n\n<h2 class=\"has-text-align-center\"><span style=\"color:#aa51b2\" class=\"has-inline-color\">Sophrologie<\/span><\/h2>\n\n\n\n<p>La <strong>sophrologie <\/strong>est un outil de mieux-\u00eatre . C\u2019est une technique psycho-corporelle d\u2019harmonisation qui agit \u00e0 la fois sur le corps et l\u2019esprit.<\/p>\n\n\n\n<p>Elle vise \u00e0 favoriser l\u2019\u00e9mergence de vos capacit\u00e9s gr\u00e2ce \u00e0 la pratique d\u2019exercices de respiration, \u00e0 la d\u00e9contraction musculaire et \u00e0 la visualisation, par le biais des cinq sens.<\/p>\n\n\n\n<p>La <strong>sophrologie <\/strong>d\u00e9veloppe la conscience, par l\u2019\u00e9coute fine des sensations du corps.<\/p>\n\n\n\n<p>La <strong>pleine conscience<\/strong> aide \u00e0 l&rsquo;exp\u00e9rimentation de l\u2019instant pr\u00e9sent et \u00e0 l&rsquo;am\u00e9lioration de la concentration et de l\u2019attention.<\/p>\n\n\n\n<p>L\u2019<strong>\u00e9coute<\/strong> <strong>active<\/strong> via la pratique de la <strong>communication consciente <\/strong>offre un espace d\u2019expression authentique, afin de percevoir vos \u00e9motions, vos pens\u00e9es, pour vous relier \u00e0 vos besoins.<\/p>\n\n\n\n<p>Agit sur et pour&nbsp;:<\/p>\n\n\n\n<p>La <strong>sophrologie<\/strong> est une m\u00e9thode qui vous permet d&rsquo;apprendre progressivement \u00e0 :<\/p>\n\n\n\n<p>stress &#8211; \u00e9motions &#8211; anxi\u00e9t\u00e9 &#8211; hypersensibilit\u00e9 &#8211; confiance en soi &#8211; sommeil \u2013 douleurs corporelles &#8211; moments de transitions &#8211; d\u00e9veloppement de son intuition &#8211; grossesse &#8211; accouchement<\/p>\n\n\n\n<ul><li>reconna\u00eetre et mieux vivre avec vos \u00e9motions,&nbsp;<\/li><li>susciter la confiance en soi,<\/li><li>avoir un regard bienveillant sur soi,<\/li><li>r\u00e9guler le stress,&nbsp;<\/li><li>accompagner les douleurs corporelles,<\/li><li>am\u00e9liorer la qualit\u00e9 de votre sommeil,&nbsp;<\/li><li>se pr\u00e9parer \u00e0 des \u00e9v\u00e9nements particuliers et mobiliser vos ressources pour de nouvelles \u00e9tapes de vie&nbsp;: grossesse, accouchement, examen, transitions, prise de conscience, changements, &#8230;<\/li><li>retrouver un \u00e9quilibre \u00e9motionnel, physique, mental et \u00e9nerg\u00e9tique,<\/li><\/ul>\n\n\n\n<p> <\/p>\n\n\n\n<p>Je vous propose cet <strong>espace d\u2019\u00e9coute et d&rsquo;exp\u00e9rimentation<\/strong> pour que vous puissiez cheminer vers vous, avec douceur et conscience. Par une \u00e9coute active et des pratiques, je vous accompagne, pour que vous soyez pleinement conscient.e de vos perceptions, pour amener de la clart\u00e9 dans vos \u00e9tats d\u2019\u00eatre et vous relier \u00e0 vos \u00e9lans de vie. <\/p>\n\n\n\n<p><strong>Les rencontres<\/strong> peuvent s&rsquo;effectuer en plusieurs temps&nbsp;:<\/p>\n\n\n\n<ul><li>un temps d\u2019\u00e9coute pour recueillir vos intentions, et vos \u00e9tats d&rsquo;\u00eatre au fil des s\u00e9ances,<\/li><li>un temps de respiration, via la pratique de la pleine conscience<\/li><li>un temps relaxation dynamique&nbsp;: mouvements de d\u00e9contraction du corps,<\/li><li>une phase de visualisation&nbsp;: \u00ab&nbsp;petit voyage int\u00e9rieur&nbsp;\u00bb,<\/li><li>l&rsquo;accueil de vos ressentis.<\/li><\/ul>\n\n\n\n<p>Les s\u00e9ances s\u2019effectuent avec votre tenue habituelle, elles comprennent des pratiques assises, debout et parfois allong\u00e9es, si vous le souhaitez.<\/p>\n\n\n\n<p>L&rsquo;objectif est de vous accompagner en fonction de votre rythme. Vous \u00eates pleinement actrice.teur de votre parcours. Pour moi, il s\u2019agit de cr\u00e9er un espace de confiance, de bienveillance afin que vous puissiez mieux vous conna\u00eetre, vous comprendre et vous accueillir au fil des s\u00e9ances.<\/p>\n\n\n\n<p>Pour gagner en autonomie, l\u2019enregistrement des visualisations est possible pour les \u00e9couter dans votre quotidien. Les exercices sont \u00e9galement simples \u00e0 m\u00e9moriser et peuvent \u00eatre utilis\u00e9s \u00e0 tout moment de votre journ\u00e9e.<\/p>\n\n\n\n<p><\/p>\n\n\n\n<h2 class=\"has-text-align-center\"><span style=\"color:#aa51b2\" class=\"has-inline-color\">Accompagnement en Somatic Experiencing\u00ae<\/span><\/h2>\n\n\n\n<p>La <a rel=\"noreferrer noopener\" href=\"https:\/\/www.apf-somatic-experiencing.com\/\" target=\"_blank\">Somatic Experiencing<\/a>\u00ae (SE), une <strong>th\u00e9rapie de gu\u00e9rison des traumas et de lib\u00e9ration du syst\u00e8me nerveux<\/strong>. Cette pratique aide au soulagement du corps, des \u00e9motions, des pens\u00e9es,<strong> pour gagner en confiance, dignit\u00e9, vitalit\u00e9, calme, capacit\u00e9 \u00e0 agir, \u00e0 \u00eatre, pour faciliter les relations sociales.<\/strong><br><br>La SE est une m\u00e9thode th\u00e9rapeutique visant \u00e0 prendre en compte les traces laiss\u00e9es par des <strong>\u00e9v\u00e9nements traumatiques<\/strong> (accidents, agressions, chutes, hospitalisations, victimes d&rsquo;attentats, de catastrophes naturelles, &#8230;).<\/p>\n\n\n\n<p>\u00ab\u00a0<em>Le traumatime n&rsquo;est pas dans l&rsquo;\u00e9v\u00e9nement en soi, mais dans le syst\u00e8me nerveux de l&rsquo;individu qui l&rsquo;a v\u00e9cu\u00a0\u00bb Peter Levigne &#8211; fondateur de la SE<\/em><br><br>Le traumatisme est le r\u00e9sultat d&rsquo;un \u00e9v\u00e9nement dramatique qui laisse des traces psychosomatiques. <br>Face \u00e0 des situations, \u00e9motionnellement tr\u00e8s ou trop intenses (perte d&rsquo;un \u00eatre cher, violences, accident, &#8230;), le syst\u00e8me nerveux v\u00e9g\u00e9tatif conna\u00eet 3 r\u00e9ponses possibles : la fuite, la lutte, le figement.<br><br>Lorsque la lutte ou la fuite sont couronn\u00e9es de succ\u00e8s, l&rsquo;\u00e9nergie mobilis\u00e9e par l&rsquo;organisme peut se dissiper sans laisser de traces f\u00e2cheuses. En revanche, en cas de figementn chroniquela quantit\u00e9 d&rsquo;\u00e9nergie accumul\u00e9e ne parvient plus \u00e0 se d\u00e9charger d&rsquo;elle-m\u00eame. <br>C&rsquo;est alors que survient <strong>le traumatisme<\/strong>, il est <strong>m\u00e9moris\u00e9 par le syst\u00e8me nerveux<\/strong> qui peut alors d\u00e9clencher <strong>diff\u00e9rents types de<\/strong> <strong>sympt\u00f4mes<\/strong> : <br><br>&#8211; <strong>Psycho-\u00e9motionnel <\/strong>: anxi\u00e9te, crises d&rsquo;angoisse, \u00e9tat d\u00e9pressif, burn-out, expression \u00e9motionnelle excessive ou retenue, TOC, phobies, &#8230;<br><br>&#8211; <strong>Physiques, corporels<\/strong> : insomnie, migraine, vertige, mal de dos, douleurs chroniques, impatience des membres, bruxisme, &#8230;<br><br>&#8211; <strong>Relationnel<\/strong> : irritabilit\u00e9, sensation d&rsquo;isolement, jalousie excessive, dysfonctionnement sexuel, conflit interperonnels<br><br>Lors de la s\u00e9ance, je vous aide \u00e0 observer, ressentir et prendre conscience des r\u00e9actions corporelles quie s&rsquo;expriment. Accompagn\u00e9\u00b7e en douceur, l&rsquo;intention est de retrouver les saines r\u00e9actions de d\u00e9fense (fuite, lutte) que le figement \u00e0 interrompues. Afin de : <br><br>&#8211; Renforcer son sentiment de s\u00e9curit\u00e9 en s&rsquo;appuyant sur ses ressources<br>&#8211; Verbaliser son ressenti corporel et \u00e9motionnel<br>&#8211; Prendre conscience des r\u00e9actions corporelles qui adviennent<br><br>De cette fa\u00e7on, les blocages corporels et \u00e9motionnels seront lib\u00e9r\u00e9s progressivement, tr\u00e8s en douceur. <\/p>\n\n\n\n<h2 class=\"has-text-align-center\"><span style=\"color:#7c4e99\" class=\"has-inline-color\">La Somatic Experiencing\u00ae, une th\u00e9rapie pour soulager et traiter le stress, l\u2019anxi\u00e9t\u00e9 et les traumatismes<\/span><\/h2>\n\n\n\n<p><em>Texte de l\u2019APFSE \u2013 Association des Praticiens Francophones de la Somatic Experiencing\u00ae<\/em><\/p>\n\n\n\n<p><\/p>\n\n\n\n<p>Vous vous sentez emprisonn\u00e9\u00b7e, dans une situation d\u2019impasse, mais vous ne savez pas pourquoi ni comment vous en d\u00e9faire&nbsp;\u2026<\/p>\n\n\n\n<p>Vous vous dites souvent&nbsp;:<\/p>\n\n\n\n<p>\u00ab&nbsp;Je n\u2019ai pas le moral&nbsp;\u00bb &#8211; \u00ab&nbsp;J\u2019ai les nerfs&nbsp;\u00bb &#8211; \u00ab&nbsp;J\u2019en ai plein le dos&nbsp;\u00bb &#8211; \u00ab&nbsp;Je n\u2019en peu plus&nbsp;\u00bb &#8211; \u00ab&nbsp;Pourquoi je n\u2019arrive pas \u00e0 dig\u00e9rer cet \u00e9v\u00e9nement&nbsp;\u00bb &#8211; \u00ab&nbsp;J\u2019ai des douleurs, sans raison m\u00e9dicale&nbsp;\u00bb &#8211; \u2026<\/p>\n\n\n\n<h3>Vous cherchez une solution \u00e0 votre mal-\u00eatre, qu\u2019il soit physique (sans explication m\u00e9dicale) ou \u00e9motionnel&nbsp;? La th\u00e9rapie Somatic Experiencing&nbsp; vous aide, en douceur, \u00e0 passer le cap&nbsp;!<\/h3>\n\n\n\n<p>L\u2019<strong>origine de ce mal-\u00eatre <\/strong>peut \u00eatre li\u00e9e \u00e0 un \u00e9v\u00e8nement choquant du pass\u00e9, parfois oubli\u00e9, qui a provoqu\u00e9 un <strong>traumatisme<\/strong> en vous.<\/p>\n\n\n\n<p><strong>Accident, divorces, agressions, perte d\u2019un \u00eatre cher, violences, catastrophes naturelles, op\u00e9ration chirurgicale, chute, attentats, terrorisme&nbsp;\u2026<\/strong>&nbsp;autant de situations brutales et impr\u00e9vues qui peuvent \u00eatre sources de stress, voire de pertes de capacit\u00e9s.<\/p>\n\n\n\n<h3><span style=\"color:#7c4e99\" class=\"has-inline-color\">Un syst\u00e8me nerveux qui reste sur le qui-vive<\/span><\/h3>\n\n\n\n<p>De telles situations peuvent produire des <strong>sensations insupportables et ing\u00e9rables&nbsp;sur le moment <\/strong>! Le corps est comme fig\u00e9, immobilis\u00e9. Int\u00e9rieurement, vous \u00eates submerg\u00e9 : le c\u0153ur qui bat \u00e0 toute vitesse, avec l\u2019impression qu\u2019il va exploser, les jambes qui flageolent, avec la sensation que le sol va se d\u00e9rober sous les pieds, bouff\u00e9es de chaleur\u2026<\/p>\n\n\n\n<p>Pour <strong>\u00e9touffer ces d\u00e9bordements<\/strong>, le corps va se couper de ses \u00e9motions, et se d\u00e9r\u00e9guler. Le syst\u00e8me nerveux, qui traverse les moindres parties du corps -du bout des orteils au sommet du cr\u00e2ne-, en reste marqu\u00e9 \u2013 par exemple, le c\u0153ur se ferme, la respiration diminue (ou s\u2019affaiblit) et le corps se crispe \u2013 et d\u2019\u00e9normes tensions s\u2019accumulent.<\/p>\n\n\n\n<p>Ce qui peut se traduire par divers&nbsp;<strong>sympt\u00f4mes<\/strong>&nbsp;\u2013 tout \u00e0 fait <strong>normaux<\/strong> \u2013&nbsp;:<\/p>\n\n\n\n<ul><li>Au niveau&nbsp;<strong>\u00e9motionnel&nbsp;<\/strong>: anxi\u00e9t\u00e9, crises d\u2019angoisse, paniques, \u00e9tats d\u00e9pressifs, burn-out, phobies, \u00e9motions d\u00e9mesur\u00e9es, apathie, cauchemars, pens\u00e9es r\u00e9currentes\u2026<\/li><li>Au niveau&nbsp;<strong>physique&nbsp;<\/strong>: insomnie, migraines, maux de dos, gastrites, probl\u00e8mes pulmonaires, douleurs inexpliqu\u00e9es, bruxisme, impatience des membres\u2026<\/li><li>Au niveau&nbsp;<strong>relationnel&nbsp;<\/strong>: irritabilit\u00e9, agressivit\u00e9, jalousie excessive, sensation d\u2019isolement, dysfonctionnements sexuels, conflits, absence de patience, difficult\u00e9s de communications\u2026<\/li><li>Au niveau <strong>intellectuel&nbsp;<\/strong>: confusion, difficult\u00e9s de concentration, expression inhib\u00e9e, m\u00e9moire d\u00e9faillante, hypervigilance\u2026<\/li><li>Au niveau <strong>social ou comportemental&nbsp;<\/strong>: difficult\u00e9 \u00e0 prendre sa place au travail, isolement, perte d\u2019initiatives,\u2026&nbsp;<\/li><\/ul>\n\n\n\n<h3><span style=\"color:#7c4e99\" class=\"has-inline-color\">Revivre apr\u00e8s un choc c\u2019est possible&nbsp;!<\/span><\/h3>\n\n\n\n<p>\u00c7a y est, vous vous \u00eates d\u00e9cid\u00e9, il faut que \u00e7a change ! Recourir \u00e0 la Somatic Experiencing\u00ae vous met sur le chemin pour <strong>traiter vos traumatismes et leurs cons\u00e9quences.&nbsp;<\/strong><\/p>\n\n\n\n<p>Avec cette th\u00e9rapie, <strong>pas besoin de ressasser ce qui vous bloque&nbsp;<\/strong>! Selon les derni\u00e8res recherches scientifiques, raconter plusieurs fois un \u00e9v\u00e8nement traumatisant ne change rien \u00e0 son \u00e9tat \u00e9motionnel\u2026et peut m\u00eame renforcer un traumatisme. Pour r\u00e9soudre votre probl\u00e9matique, vous allez travailler en <strong>pleine conscience <\/strong>avec <strong>votre corps<\/strong>, afin de le consid\u00e9rer \u00e0 nouveau comme un ami.<\/p>\n\n\n\n<h3><span style=\"color:#7c4e99\" class=\"has-inline-color\">Retrouver ses forces avec la Somatic Experiencing\u00ae<\/span><\/h3>\n\n\n\n<p>Lors d\u2019une s\u00e9ance, la\u00b7e praticien\u00b7ne en Somatic Experiencing\u00ae vous aide \u00e0 observer, ressentir et prendre conscience de vos sensations, \u00e9motions et pens\u00e9es. En les visualisant et en les d\u00e9crivant, vous laissez une vraie place \u00e0 ce qu\u2019il se passe en vous, <strong>ici et maintenant<\/strong>.<\/p>\n\n\n\n<p>A l\u2019\u00e9coute et en toute bienveillance, la\u00b7e th\u00e9rapeute vous am\u00e8ne \u00e0 chercher et \u00e0 retrouver vos ressources enfouies. Tel un guide de haute montagne, iel vous encourage patiemment \u00e0 avancer avec calme tout en trouvant les forces en vous. Il vous guide pour r\u00e9aliser ou retrouver votre <strong>potentiel<\/strong>.&nbsp;<\/p>\n\n\n\n<p><strong>L\u2019objectif&nbsp;: pouvoir trouver ce qui vous a manqu\u00e9 lors du choc et accomplir les actions salvatrices<\/strong>.<\/p>\n\n\n\n<p>Ainsi, ce processus remet en lumi\u00e8re vos capacit\u00e9s et d\u00e9veloppe <strong>vitalit\u00e9 et&nbsp; joie de vivre<\/strong>. Vous retrouvez de <strong>l\u2019espoir, un \u00e9tat de paix int\u00e9rieure et de clart\u00e9,&nbsp;<\/strong>avec l\u2019\u00e9mergence d\u2019une meilleure stabilit\u00e9 \u00e9motionnelle, une sant\u00e9 plus harmonieuse et plus d\u2019\u00e9quilibre. <em>Vous sortez de votre coquille, brisant ainsi votre impression d\u2019\u00eatre isol\u00e9\u00b7e du monde.<\/em>Un mouvement libre et spontan\u00e9 circule \u00e0 nouveau dans votre corps, red\u00e9finissant votre mani\u00e8re d\u2019\u00eatre en relation avec vous-m\u00eame et avec les autres.<\/p>\n\n\n\n<p>Au quotidien, vous disposez d\u2019un <strong>outil efficace pour maintenir un \u00e9tat serein&nbsp;<\/strong>: ouvert\u00b7e, curieux\u00b7euse, ancr\u00e9\u00b7e dans le pr\u00e9sent, relax\u00e9\u00b7e, communicative\u2026<\/p>\n\n\n\n<h2><\/h2>\n\n\n\n<p> <\/p>\n\n\n\n<p class=\"has-text-align-center\"><strong>Adolescent.e et Enfant<\/strong><\/p>\n\n\n\n<p class=\"has-text-align-left\">En tant qu&rsquo;<strong>\u00c9ducatrice Sp\u00e9cialis\u00e9e<\/strong> ayant travaill\u00e9 aupr\u00e8s de jeune, j&rsquo;allie mes comp\u00e9tences pour accompagner celleux &#8211; ci dans leurs diff\u00e9rentes p\u00e9riodes de vie. <br><\/p>\n\n\n\n<p class=\"has-text-align-center\"><strong>Accompagnement et s\u00e9ance individuelle<\/strong><\/p>\n\n\n\n<p>\u00e0 l&rsquo;<strong>Espace Prendre Soin<\/strong> &#8211; 1 place des fours \u00e0 pots \u00e0 Malansac (56) &#8211; <strong>entre Redon et Questembert<\/strong><br>ou <strong>en visio<\/strong> &#8211; ou d\u00e9placement \u00e0 domicile possible (factur\u00e9 selon distance)<\/p>\n\n\n\n<p><a rel=\"noreferrer noopener\" href=\"https:\/\/assolaima.fr\/index.php\/a-propos-de\/intervenantes\/\" target=\"_blank\">Lili Courbon<\/a> \u2013 <strong>Psychopraticienne<\/strong><\/p>\n\n\n\n<p><em><strong>Sophrologue certifi\u00e9e<br>Somatic Experiencing supervis\u00e9e<\/strong><\/em><br><em>Membres de l&rsquo;APFSE &#8211; Association des Praticiens Francophones de la Somatic Experiencing<\/em><br><br><em>Intervenante en Communication Consciente<\/em><br><em>Animatrice-Formatrice <\/em>\/ <em>D.E. \u00c9ducatrice Sp\u00e9cialis\u00e9e<\/em><\/p>\n\n\n\n<p><strong>S\u00e9ance d\u20191h \/ 1h30<\/strong> \u2013 Adulte : 60\u20ac \u2013 Adoslescent.e : 45\u20ac \u2013 Enfant : 40\u20ac (45 min) &#8211; tarifs ajustable selon budget<\/p>\n\n\n\n<div class=\"wp-block-group\"><div class=\"wp-block-group__inner-container\">\n<p><strong>Prise de rendez-vous <\/strong>: 06.49.74.78.53 \/ lilicourbon.laima@gmail.com    <img loading=\"lazy\" width=\"225\" height=\"225\" class=\"wp-image-592\" style=\"width: 40px;\" src=\"http:\/\/assolaima.fr\/wp-content\/uploads\/2022\/03\/Logo-LBGT-Friendly.png\" alt=\"LBGT Friendly\" srcset=\"https:\/\/assolaima.fr\/wp-content\/uploads\/2022\/03\/Logo-LBGT-Friendly.png 225w, https:\/\/assolaima.fr\/wp-content\/uploads\/2022\/03\/Logo-LBGT-Friendly-150x150.png 150w, https:\/\/assolaima.fr\/wp-content\/uploads\/2022\/03\/Logo-LBGT-Friendly-100x100.png 100w\" sizes=\"(max-width: 225px) 100vw, 225px\" \/><\/p>\n<\/div><\/div>\n\n\n\n<p><br><\/p>\n\n\n\n<p><\/p>\n","protected":false},"excerpt":{"rendered":"<p>mise \u00e0 jour 6\/01\/2026 LILI COURBONPSYCHOPRATICIENNE : SOPHROLOGIE &#8211; SOMATIC EXPERIENCING\u00ae SE SENTIR ENTENDU.E &#8211; S&rsquo;\u00c9COUTER EXP\u00c9RIMENTER &#8211; S&rsquo;EXPRIMERRESPIRER &#8211; EXISTERRESSENTIR &#8211; SE LIB\u00c9RER \u00e0 L&rsquo;Espace Prendre Soin \u00e0 Malansac (56), entre Redon et Questembert &#8211; 1 place des fours \u00e0 potsou en visio Accompagnement individuel gr\u00e2ce \u00e0 la Sophrologie et la Somatic Experiencing\u00ae. Sophrologie &hellip; <\/p>\n<p class=\"link-more\"><a href=\"https:\/\/assolaima.fr\/index.php\/seances-individuelles-accompagnement\/\" class=\"more-link\">Continuer la lecture<span class=\"screen-reader-text\"> de &laquo;&nbsp;Accompagnement individuel &#8211; Lili Courbon&nbsp;&raquo;<\/span><\/a><\/p>\n","protected":false},"author":1,"featured_media":0,"parent":0,"menu_order":0,"comment_status":"closed","ping_status":"closed","template":"","meta":[],"_links":{"self":[{"href":"https:\/\/assolaima.fr\/index.php\/wp-json\/wp\/v2\/pages\/419"}],"collection":[{"href":"https:\/\/assolaima.fr\/index.php\/wp-json\/wp\/v2\/pages"}],"about":[{"href":"https:\/\/assolaima.fr\/index.php\/wp-json\/wp\/v2\/types\/page"}],"author":[{"embeddable":true,"href":"https:\/\/assolaima.fr\/index.php\/wp-json\/wp\/v2\/users\/1"}],"replies":[{"embeddable":true,"href":"https:\/\/assolaima.fr\/index.php\/wp-json\/wp\/v2\/comments?post=419"}],"version-history":[{"count":25,"href":"https:\/\/assolaima.fr\/index.php\/wp-json\/wp\/v2\/pages\/419\/revisions"}],"predecessor-version":[{"id":932,"href":"https:\/\/assolaima.fr\/index.php\/wp-json\/wp\/v2\/pages\/419\/revisions\/932"}],"wp:attachment":[{"href":"https:\/\/assolaima.fr\/index.php\/wp-json\/wp\/v2\/media?parent=419"}],"curies":[{"name":"wp","href":"https:\/\/api.w.org\/{rel}","templated":true}]}}