{"id":387,"date":"2021-08-23T13:12:50","date_gmt":"2021-08-23T11:12:50","guid":{"rendered":"http:\/\/assolaima.fr\/?page_id=387"},"modified":"2025-07-24T12:11:57","modified_gmt":"2025-07-24T10:11:57","slug":"ateliers-hebdo-sophrologie-et-mediation-de-pleine-conscience","status":"publish","type":"page","link":"https:\/\/assolaima.fr\/index.php\/ateliers-hebdo-sophrologie-et-mediation-de-pleine-conscience\/","title":{"rendered":"Ateliers Hebdo : Sophrologie et M\u00e9ditation de Pleine Conscience"},"content":{"rendered":"\n<p class=\"has-text-align-center\">\u00ab\u00a0UN MOMENT PRIVIL\u00c9GI\u00c9 D&rsquo;\u00c9COUTE DU CORPS, DE D\u00c9TENTE AU SERVICE DE VOTRE QUOTIDIEN ET DE VOS RELATIONS\u00a0\u00bb <\/p>\n\n\n\n<div class=\"wp-block-image\"><figure class=\"aligncenter size-large\"><img loading=\"lazy\" width=\"724\" height=\"1024\" src=\"http:\/\/assolaima.fr\/wp-content\/uploads\/2025\/07\/2025-26.Affiche-cours-sophroLaima-724x1024.png\" alt=\"\" class=\"wp-image-892\" srcset=\"https:\/\/assolaima.fr\/wp-content\/uploads\/2025\/07\/2025-26.Affiche-cours-sophroLaima-724x1024.png 724w, https:\/\/assolaima.fr\/wp-content\/uploads\/2025\/07\/2025-26.Affiche-cours-sophroLaima-212x300.png 212w, https:\/\/assolaima.fr\/wp-content\/uploads\/2025\/07\/2025-26.Affiche-cours-sophroLaima-768x1086.png 768w, https:\/\/assolaima.fr\/wp-content\/uploads\/2025\/07\/2025-26.Affiche-cours-sophroLaima-1086x1536.png 1086w, https:\/\/assolaima.fr\/wp-content\/uploads\/2025\/07\/2025-26.Affiche-cours-sophroLaima.png 1414w\" sizes=\"(max-width: 724px) 100vw, 724px\" \/><\/figure><\/div>\n\n\n\n<div class=\"wp-block-image\"><figure class=\"aligncenter size-large\"><img loading=\"lazy\" width=\"116\" height=\"139\" src=\"http:\/\/assolaima.fr\/wp-content\/uploads\/2021\/08\/image-1.png\" alt=\"\" class=\"wp-image-389\"\/><\/figure><\/div>\n\n\n\n<div class=\"wp-block-group\"><div class=\"wp-block-group__inner-container\">\n<p class=\"has-text-align-center\">Ateliers compos\u00e9s d&rsquo;<strong>exercices de respiration<\/strong>, de <strong>mouvements corporels doux<\/strong>, d&rsquo;<strong>\u00e9tirements<\/strong>, de <strong>d\u00e9contraction musculaire<\/strong>, d&rsquo;<strong>auto-massage<\/strong> et d&rsquo;initiation \u00e0 la <strong>m\u00e9ditation<\/strong> de pleine conscience pour <strong>une \u00e9coute du corps et une harmonisation corps &#8211; esprit.<\/strong><\/p>\n\n\n\n<p class=\"has-text-align-center\">Les s\u00e9ances se terminent par un temps de <strong>relaxation <\/strong>&#8211; <strong>visualisation<\/strong> : un \u00ab\u00a0petit voyage int\u00e9rieur\u00a0\u00bb.<\/p>\n\n\n\n<p class=\"has-text-align-center\">Les ateliers sont ancr\u00e9s dans l&rsquo;\u00e9nergie des saisons. <br><\/p>\n\n\n\n<p class=\"has-text-align-center\">Prendre un temps pour soi, pour soutenir sa vie au quotidien.<\/p>\n<\/div><\/div>\n\n\n\n<pre class=\"wp-block-verse has-text-align-center\"><strong><span class=\"has-inline-color has-vivid-purple-color\">Rentr\u00e9e 2025<\/span> <\/strong>: \u00e0 partir du mercredi 17 septembre 2025 \n(hors vacances scolaires et p\u00e9riodes de formation)\n\n<strong>- Mercredi :<\/strong> \n9h15 - 10h30\n17h30 - 18h45\n19h - 20h15\n\u00e0 <strong>Malansac<\/strong> - centre associatif - salle Hibiscus\n\n\n11h15 - 12h30\n\u00e0 <strong>Limerzel<\/strong> - salle associative - face \u00e0 la m\u00e9diath\u00e8que\n\n\n\nAnim\u00e9 par Lili  Courbon, Sophrologue et Animatrice\nIniti\u00e9e \u00e0 la M\u00e9ditation de Pleine Conscience - MBSR\n\u00c9ducatrice Somatique par le Mouvement (Body - Mind Centering)\n\n\n\n<strong>Tarifs<\/strong> : \n240 \u20ac l'ann\u00e9e \nsoit +\/- 27 s\u00e9ances de 1h15\n13 \u20ac la s\u00e9ance\n\n+ adh\u00e9sion \u00e0 l'association La\u00efma (\u00e0 partir de 5\u20ac)\nPaiement \u00e9chelonn\u00e9 et adaptable selon budget \/ demande particuli\u00e8re, parlons-en\n\n<strong>Renseignements et inscriptions<\/strong> : \nLili - lilicourbon.laima@gmail.com - 06.49.74.78.53\nEssai gratuit\n\n\n<strong>T\u00c9MOIGNAGES<\/strong> : \n\n\n\"Au son de sa voix, avec douceur et justesse, Lili nous accompagne dans une exploration de notre corps. Respirer, ressentir, il n'y a rien \u00e0 r\u00e9ussir... Juste go\u00fbter l'instant, tout est l\u00e0. Puissant. Un grand merci !\" Magali\n\n\"Toute cette ann\u00e9e \u00e0 participer \u00e0 vos ateliers de sophrologie m'ont beaucoup apport\u00e9. Un m\u00e9lange d'apaisement et de force se d\u00e9gage de tous vos cours procurant vraiment une sensation de bien \u00eatre. Maintenant au quotidien c'est respiration et ancrage dans l'instant pr\u00e9sent au mieux que je puisse faire. Quand \u00e0 mon acouph\u00e8ne, il a pratiquement disparu , ouf. Encore merci pour ce que vous apportez, (...)\" Nicolas\n\n\"J'ai pris beaucoup de bien \u00eatre lors de tes s\u00e9ances et cela m'a apport\u00e9 des bonnes pratiques de d\u00e9tentes et de respirations. \" S\u00e9bastien\n\n\"Merci pour tout ce que tu me procures en detente et bien \u00eatre.\" Annie\n\n\"Ces cours de sophro me permettent de me centrer sur moi. De nature \u00e0 trop penser aux autres, cela me rappelle l'importance de se sentir bien pour le bonheur des personnes qui nous entourent. Ce sont des pauses dans un quotidien o\u00f9 la charge mentale est trop souvent importante. Les m\u00e9thodes de respiration commencent \u00e0 entrer dans ma bo\u00eete \u00e0 outils pour g\u00e9rer mes \u00e9motions.\" Val\u00e9rie\n<\/pre>\n\n\n\n<p>La <strong><a href=\"https:\/\/assolaima.fr\/index.php\/seances-individuelles-accompagnement\/\">sophrologie<\/a><\/strong> est une technique psycho-corporelle d\u2019harmonisation du corps et de l\u2019esprit. Elle vise \u00e0 favoriser l\u2019\u00e9mergence de vos capacit\u00e9s gr\u00e2ce \u00e0 la pratique d\u2019exercices de respiration, \u00e0 la d\u00e9contraction musculaire et \u00e0 la visualisation.<\/p>\n\n\n\n<p>La <strong>sophrologie<\/strong> est une m\u00e9thode qui vous permet d\u2019apprendre progressivement \u00e0 :<\/p>\n\n\n\n<ul><li>reconna\u00eetre et mieux vivre avec vos \u00e9motions,&nbsp;<\/li><li>susciter la confiance en soi,<\/li><li>avoir un regard bienveillant sur soi,<\/li><li>r\u00e9guler le stress,&nbsp;<\/li><li>accompagner les douleurs corporelles,<\/li><li>am\u00e9liorer la qualit\u00e9 de votre sommeil,&nbsp;<\/li><li>se pr\u00e9parer \u00e0 des \u00e9v\u00e9nements particuliers et mobiliser vos ressources pour de nouvelles \u00e9tapes de vie&nbsp;: grossesse, accouchement, examen, transitions, prise de conscience, changements, \u2026<\/li><li>retrouver un \u00e9quilibre \u00e9motionnel, physique, mental et \u00e9nerg\u00e9tique.<\/li><\/ul>\n\n\n\n<p>\u00ab&nbsp;La <strong>pleine conscience<\/strong> est l\u2019\u00e9nergie qui nous permet d\u2019\u00eatre conscient.e de ce qui se passe dans le moment pr\u00e9sent.&nbsp;\u00bb Thich Nhat Hanh<\/p>\n\n\n\n<p>La <strong>m\u00e9ditation<\/strong>&nbsp;: comme une pratique qui aide \u00e0 la r\u00e9duction du stress, \u00e0 l\u2019observation de ses pens\u00e9es, \u00e0 l\u2019\u00e9coute de ses \u00e9motions et \u00e0 l\u2019installation du calme.<\/p>\n","protected":false},"excerpt":{"rendered":"<p>\u00ab\u00a0UN MOMENT PRIVIL\u00c9GI\u00c9 D&rsquo;\u00c9COUTE DU CORPS, DE D\u00c9TENTE AU SERVICE DE VOTRE QUOTIDIEN ET DE VOS RELATIONS\u00a0\u00bb Ateliers compos\u00e9s d&rsquo;exercices de respiration, de mouvements corporels doux, d&rsquo;\u00e9tirements, de d\u00e9contraction musculaire, d&rsquo;auto-massage et d&rsquo;initiation \u00e0 la m\u00e9ditation de pleine conscience pour une \u00e9coute du corps et une harmonisation corps &#8211; esprit. Les s\u00e9ances se terminent par &hellip; <\/p>\n<p class=\"link-more\"><a href=\"https:\/\/assolaima.fr\/index.php\/ateliers-hebdo-sophrologie-et-mediation-de-pleine-conscience\/\" class=\"more-link\">Continuer la lecture<span class=\"screen-reader-text\"> de &laquo;&nbsp;Ateliers Hebdo : Sophrologie et M\u00e9ditation de Pleine Conscience&nbsp;&raquo;<\/span><\/a><\/p>\n","protected":false},"author":1,"featured_media":0,"parent":0,"menu_order":0,"comment_status":"closed","ping_status":"closed","template":"","meta":[],"_links":{"self":[{"href":"https:\/\/assolaima.fr\/index.php\/wp-json\/wp\/v2\/pages\/387"}],"collection":[{"href":"https:\/\/assolaima.fr\/index.php\/wp-json\/wp\/v2\/pages"}],"about":[{"href":"https:\/\/assolaima.fr\/index.php\/wp-json\/wp\/v2\/types\/page"}],"author":[{"embeddable":true,"href":"https:\/\/assolaima.fr\/index.php\/wp-json\/wp\/v2\/users\/1"}],"replies":[{"embeddable":true,"href":"https:\/\/assolaima.fr\/index.php\/wp-json\/wp\/v2\/comments?post=387"}],"version-history":[{"count":33,"href":"https:\/\/assolaima.fr\/index.php\/wp-json\/wp\/v2\/pages\/387\/revisions"}],"predecessor-version":[{"id":895,"href":"https:\/\/assolaima.fr\/index.php\/wp-json\/wp\/v2\/pages\/387\/revisions\/895"}],"wp:attachment":[{"href":"https:\/\/assolaima.fr\/index.php\/wp-json\/wp\/v2\/media?parent=387"}],"curies":[{"name":"wp","href":"https:\/\/api.w.org\/{rel}","templated":true}]}}